{"id":853,"date":"2023-03-30T22:34:01","date_gmt":"2023-03-31T01:34:01","guid":{"rendered":"https:\/\/bunkerengenharia.com.br\/website\/?page_id=853"},"modified":"2025-12-03T16:08:33","modified_gmt":"2025-12-03T19:08:33","slug":"home33","status":"publish","type":"page","link":"https:\/\/bunkerengenharia.com.br\/website\/","title":{"rendered":"Home"},"content":{"rendered":"[mk_page_section full_width=&#8221;true&#8221; js_vertical_centered=&#8221;true&#8221; padding_top=&#8221;0&#8243; padding_bottom=&#8221;0&#8243; top_shape_color=&#8221;#ffffff&#8221; bottom_shape_color=&#8221;#ffffff&#8221; sidebar=&#8221;sidebar-1&#8243;][vc_column css=&#8221;.vc_custom_1725893189733{padding-top: 0px !important;padding-right: 0px !important;padding-bottom: 0px !important;padding-left: 50px !important;background-position: center !important;background-repeat: no-repeat !important;background-size: contain !important;}&#8221;][mk_edge_slider first_el=&#8221;true&#8221; swiper_bg=&#8221;#000000&#8243; order=&#8221;ASC&#8221; orderby=&#8221;menu_order&#8221; full_height=&#8221;false&#8221; height=&#8221;550&#8243; direction_nav=&#8221;slit&#8221; pagination=&#8221;none&#8221; skip_arrow=&#8221;false&#8221;][\/vc_column][\/mk_page_section][mk_page_section][vc_column][mk_padding_divider][vc_row_inner][vc_column_inner width=&#8221;1\/2&#8243;][mk_custom_box][mk_fancy_title tag_name=&#8221;h1&#8243; size=&#8221;50&#8243; font_weight=&#8221;bolder&#8221; txt_transform=&#8221;uppercase&#8221; font_family=&#8221;none&#8221;]Sobre a Bunker<\/p>\n[\/mk_fancy_title][vc_column_text]A&nbsp;<b>BUNKER ENGENHARIA ANTICORROSIVA<\/b>, atua em todo o Territ\u00f3rio Nacional e nos pa\u00edses do Mercosul realizando Servi\u00e7os de Impermeabiliza\u00e7\u00e3o e Revestimentos Anticorrosivos na Constru\u00e7\u00e3o Civil ou Mec\u00e2nica, comprometendo-se a combater a Corros\u00e3o com efici\u00eancia e seriedade, aliando tecnologia de ponta e m\u00e3o de obra pr\u00f3pria altamente capacitada, dispondo de in\u00fameras solu\u00e7\u00f5es.<\/p>\n<p>Contando com grande prestigio e vasto acervo t\u00e9cnico em  ind\u00fastrias qu\u00edmicas, papel e celulose, fertilizantes, cloro soda, siderurgia, minera\u00e7\u00e3o, petr\u00f3leo e g\u00e1s, nas quais seus profissionais com mais de 25 anos de experi\u00eancia desenvolvem solu\u00e7\u00f5es inovadoras, garantindo a longevidade das linhas Industriais.<\/p>\n[\/vc_column_text][mk_button dimension=&#8221;outline&#8221; corner_style=&#8221;rounded&#8221; icon=&#8221;mk-icon-chevron-right&#8221; icon_anim=&#8221;side&#8221; url=&#8221;empresa\/&#8221; outline_skin=&#8221;custom&#8221; outline_active_color=&#8221;rgba(94,94,94,0.69)&#8221; outline_active_text_color=&#8221;#3d3d3d&#8221; outline_hover_bg_color=&#8221;#6d6d6d&#8221; outline_hover_color=&#8221;#ffffff&#8221;]Leia mais[\/mk_button][\/mk_custom_box][\/vc_column_inner][vc_column_inner width=&#8221;1\/2&#8243;][mk_custom_box corner_radius=&#8221;2&#8243; animation=&#8221;bottom-to-top&#8221; el_class=&#8221;material2&#8243; bg_color=&#8221;#426c99&#8243; background_hov_color_style=&#8221;image&#8221; bg_stretch=&#8221;true&#8221;][mk_font_icons icon=&#8221;mk-icon-certificate&#8221; color=&#8221;#ffffff&#8221; size=&#8221;large&#8221; el_class=&#8221;certificacaoHome&#8221;][mk_fancy_title color=&#8221;#ffffff&#8221; size=&#8221;18&#8243; line_height=&#8221;50&#8243; font_weight=&#8221;bolder&#8221; txt_transform=&#8221;uppercase&#8221; margin_bottom=&#8221;0&#8243; font_family=&#8221;none&#8221;]Certifica\u00e7\u00f5es<\/p>\n[\/mk_fancy_title][vc_column_text]\n<p style=\"color: #ffd500;\"><strong>CRCC\/EMPRESA CADASTRADA<\/strong><\/p>\n<p style=\"color: #fff;\">Empresa certificada e regularmente inscrita no Cadastro de Fornecedores de Materiais e\/ou Servi\u00e7os da PETROBRAS.<\/p>\n[\/vc_column_text][mk_button dimension=&#8221;outline&#8221; corner_style=&#8221;rounded&#8221; icon=&#8221;mk-icon-file-pdf-o&#8221; icon_anim=&#8221;side&#8221; url=&#8221;http:\/\/bunkerengenharia.com.br\/website\/wp-content\/uploads\/2016\/11\/CRCC-Validade-31-03-2017.pdf&#8221; target=&#8221;_blank&#8221; align=&#8221;center&#8221; outline_skin=&#8221;light&#8221;]Saiba mais[\/mk_button][vc_column_text]\n<p style=\"color: #ffd500;\"><strong>CERTIFICADOS ISO<\/strong><\/p>\n<p style=\"color: #fff;\">Empresa certificada pelos sistemas de Gest\u00e3o de Qualidade ISO 9001, Gest\u00e3o Ambiental ISO 14001 e Gest\u00e3o de Sa\u00fade e Seguran\u00e7a Ocupacional ISO 45001.<\/p>\n[\/vc_column_text][mk_button dimension=&#8221;outline&#8221; corner_style=&#8221;rounded&#8221; icon=&#8221;mk-icon-file-pdf-o&#8221; icon_anim=&#8221;side&#8221; url=&#8221;https:\/\/bunkerengenharia.com.br\/website\/wp-content\/uploads\/2025\/12\/BUNKER-REVESTIMENTOS-LTDA-BUNKER-INGENIERIA-ANTICORROSIVA-SPA-101-11143-Q-ISO9001.pt_.pdf&#8221; target=&#8221;_blank&#8221; align=&#8221;center&#8221; outline_skin=&#8221;light&#8221;]ISO 9001[\/mk_button][mk_button dimension=&#8221;outline&#8221; corner_style=&#8221;rounded&#8221; icon=&#8221;mk-icon-file-pdf-o&#8221; icon_anim=&#8221;side&#8221; url=&#8221;https:\/\/bunkerengenharia.com.br\/website\/wp-content\/uploads\/2025\/12\/BUNKER-REVESTIMENTOS-LTDA-BUNKER-INGENIERIA-ANTICORROSIVA-SPA-101-11143-E-ISO14001.pt_.pdf&#8221; target=&#8221;_blank&#8221; align=&#8221;center&#8221; outline_skin=&#8221;light&#8221;]ISO 14001[\/mk_button][mk_button dimension=&#8221;outline&#8221; corner_style=&#8221;rounded&#8221; icon=&#8221;mk-icon-file-pdf-o&#8221; icon_anim=&#8221;side&#8221; url=&#8221;https:\/\/bunkerengenharia.com.br\/website\/wp-content\/uploads\/2025\/12\/BUNKER-REVESTIMENTOS-LTDA-BUNKER-INGENIERIA-ANTICORROSIVA-SPA-101-11143-OHS-ISO45001.pt_.pdf&#8221; target=&#8221;_blank&#8221; align=&#8221;center&#8221; outline_skin=&#8221;light&#8221;]ISO 45001[\/mk_button][\/mk_custom_box][\/vc_column_inner][\/vc_row_inner][\/vc_column][\/mk_page_section][mk_page_section][vc_column][mk_padding_divider][mk_padding_divider][vc_row_inner][vc_column_inner width=&#8221;1\/3&#8243;][mk_custom_box el_class=&#8221;material1&#8243; bg_color=&#8221;#f2f2f2&#8243;][mk_fancy_title size=&#8221;18&#8243; font_weight=&#8221;bolder&#8221; txt_transform=&#8221;uppercase&#8221; margin_bottom=&#8221;0&#8243; font_family=&#8221;none&#8221;]Nossos servi\u00e7os[\/mk_fancy_title][vc_column_text]Contando com grande prestigio e vasto acervo t\u00e9cnico em&nbsp; ind\u00fastrias qu\u00edmicas, papel e celulose, fertilizantes, cloro soda, siderurgia, minera\u00e7\u00e3o, petr\u00f3leo e g\u00e1s, nas quais seus profissionais com mais de 25 anos de experi\u00eancia desenvolvem solu\u00e7\u00f5es inovadoras, garantindo a longevidade das linhas Industriais.[\/vc_column_text][\/mk_custom_box][\/vc_column_inner][vc_column_inner width=&#8221;1\/3&#8243;][mk_image src=&#8221;https:\/\/bunkerengenharia.com.br\/website\/wp-content\/uploads\/2021\/08\/E-1024&#215;768.jpg&#8221; el_class=&#8221;material1&#8243;][mk_fancy_title size=&#8221;18&#8243; font_weight=&#8221;bolder&#8221; txt_transform=&#8221;uppercase&#8221; margin_bottom=&#8221;0&#8243; font_family=&#8221;none&#8221;]\u00c1reas de atua\u00e7\u00e3o[\/mk_fancy_title][mk_custom_list]\n<ul>\n<li>A\u00e7\u00facar e \u00e1lcool<\/li>\n<li>Automobil\u00edsticas<\/li>\n<li>Cloro e soda<\/li>\n<\/ul>\n[\/mk_custom_list][mk_button url=&#8221;http:\/\/bunkerengenharia.com.br\/website\/areas-de-atuacao\/&#8221;]Veja todas[\/mk_button][\/vc_column_inner][vc_column_inner width=&#8221;1\/3&#8243;][mk_image src=&#8221;https:\/\/bunkerengenharia.com.br\/website\/wp-content\/uploads\/2021\/08\/2-1024&#215;768.jpg&#8221; el_class=&#8221;material1&#8243;][mk_fancy_title size=&#8221;18&#8243; font_weight=&#8221;bolder&#8221; txt_transform=&#8221;uppercase&#8221; margin_bottom=&#8221;0&#8243; font_family=&#8221;none&#8221;]Solu\u00e7\u00f5es e sistemas[\/mk_fancy_title][mk_custom_list]\n<ul>\n<li>Auto-nivelante<\/li>\n<li>Borracha &#8211; Ebonite<\/li>\n<li>Placas cer\u00e2micas e tijolos<\/li>\n<\/ul>\n[\/mk_custom_list][mk_button url=&#8221;http:\/\/bunkerengenharia.com.br\/website\/solucoes-e-sistemas\/&#8221;]Veja todas[\/mk_button][\/vc_column_inner][\/vc_row_inner][\/vc_column][\/mk_page_section][vc_row][vc_column][vc_raw_js]JTNDc2NyaXB0JTNFJTBBJTI0JTI4JTIwZG9jdW1lbnQlMjAlMjkucmVhZHklMjhmdW5jdGlvbiUyOCUyOSUyMCU3QiUwQSUyNCUyOCUyNyUyM21rLWJ1dHRvbi00JTI3JTI5LmNsaWNrJTI4ZnVuY3Rpb24lMjglMjklN0IlMEElMkYlMkZhbGVydCUyOCUyN2FzZGFzZCUyNyUyOSUzQiUwQSUyNCUyOCUyNyUyM21vZGFsQ3RhRm9vdGVyJTI3JTI5LmFwcGVuZFRvJTI4JTIyYm9keSUyMiUyOS5tb2RhbCUyOCUyN3Nob3clMjclMjklM0IlMEElN0QlMjklM0IlMEElN0QlMjklM0IlMEElM0MlMkZzY3JpcHQlM0U=[\/vc_raw_js][\/vc_column][\/vc_row]\n","protected":false},"excerpt":{"rendered":"<p>[mk_page_section full_width=&#8221;true&#8221; js_vertical_centered=&#8221;true&#8221; padding_top=&#8221;0&#8243; padding_bottom=&#8221;0&#8243; top_shape_color=&#8221;#ffffff&#8221; bottom_shape_color=&#8221;#ffffff&#8221; sidebar=&#8221;sidebar-1&#8243;][vc_column css=&#8221;.vc_custom_1725893189733{padding-top: 0px !important;padding-right: 0px !important;padding-bottom: 0px !important;padding-left: 50px !important;background-position: center !important;background-repeat: no-repeat !important;background-size: contain !important;}&#8221;][mk_edge_slider first_el=&#8221;true&#8221; swiper_bg=&#8221;#000000&#8243; order=&#8221;ASC&#8221; orderby=&#8221;menu_order&#8221; full_height=&#8221;false&#8221; height=&#8221;550&#8243; direction_nav=&#8221;slit&#8221; pagination=&#8221;none&#8221; skip_arrow=&#8221;false&#8221;][\/vc_column][\/mk_page_section][mk_page_section][vc_column][mk_padding_divider][vc_row_inner][vc_column_inner width=&#8221;1\/2&#8243;][mk_custom_box][mk_fancy_title tag_name=&#8221;h1&#8243; size=&#8221;50&#8243; font_weight=&#8221;bolder&#8221; txt_transform=&#8221;uppercase&#8221; font_family=&#8221;none&#8221;]Sobre a Bunker [\/mk_fancy_title][vc_column_text]A&nbsp;BUNKER ENGENHARIA ANTICORROSIVA, atua em todo o Territ\u00f3rio Nacional e nos pa\u00edses do Mercosul realizando [&hellip;]<\/p>\n","protected":false},"author":1,"featured_media":0,"parent":0,"menu_order":0,"comment_status":"closed","ping_status":"closed","template":"","meta":[],"_links":{"self":[{"href":"https:\/\/bunkerengenharia.com.br\/website\/wp-json\/wp\/v2\/pages\/853"}],"collection":[{"href":"https:\/\/bunkerengenharia.com.br\/website\/wp-json\/wp\/v2\/pages"}],"about":[{"href":"https:\/\/bunkerengenharia.com.br\/website\/wp-json\/wp\/v2\/types\/page"}],"author":[{"embeddable":true,"href":"https:\/\/bunkerengenharia.com.br\/website\/wp-json\/wp\/v2\/users\/1"}],"replies":[{"embeddable":true,"href":"https:\/\/bunkerengenharia.com.br\/website\/wp-json\/wp\/v2\/comments?post=853"}],"version-history":[{"count":75,"href":"https:\/\/bunkerengenharia.com.br\/website\/wp-json\/wp\/v2\/pages\/853\/revisions"}],"predecessor-version":[{"id":1350,"href":"https:\/\/bunkerengenharia.com.br\/website\/wp-json\/wp\/v2\/pages\/853\/revisions\/1350"}],"wp:attachment":[{"href":"https:\/\/bunkerengenharia.com.br\/website\/wp-json\/wp\/v2\/media?parent=853"}],"curies":[{"name":"wp","href":"https:\/\/api.w.org\/{rel}","templated":true}]}}