{"id":637,"date":"2016-08-05T14:23:23","date_gmt":"2016-08-05T17:23:23","guid":{"rendered":"http:\/\/bunkerengenharia.com.br\/website\/?page_id=637"},"modified":"2024-10-30T15:25:21","modified_gmt":"2024-10-30T18:25:21","slug":"fertilizantes","status":"publish","type":"page","link":"https:\/\/bunkerengenharia.com.br\/website\/areas-de-atuacao\/fertilizantes\/","title":{"rendered":"Fertilizantes"},"content":{"rendered":"[mk_page_section][vc_column][vc_row_inner][vc_column_inner width=&#8221;1\/3&#8243;][mk_image src=&#8221;http:\/\/bunkerengenharia.com.br\/website\/wp-content\/uploads\/2016\/08\/fertilizantes-1.jpg&#8221; image_size=&#8221;full&#8221; align=&#8221;center&#8221; el_class=&#8221;material1&#8243;][\/vc_column_inner][vc_column_inner width=&#8221;2\/3&#8243;][mk_padding_divider][vc_column_text]\n<div class=\"\">\n<div class=\"WordSection1\">\n<div class=\"\"><b class=\"\"><span class=\"\">Fertilizantes<\/span><\/b><span class=\"\">\u00a0ou\u00a0<b class=\"\">adubos (sint\u00e9ticos ou org\u00e2nicos)<\/b>\u00a0s\u00e3o qualquer tipo de subst\u00e2ncia aplicada ao solo ou tecidos vegetais (geralmente as folhas) para prover um ou mais nutrientes essenciais ao crescimento das plantas. S\u00e3o aplicados na agricultura com o intuito de melhorar a produ\u00e7\u00e3o.<\/span><\/div>\n<div class=\"\"><span class=\"\">A ind\u00fastria de fertilizantes produz am\u00f4nia (intermedi\u00e1rio para a produ\u00e7\u00e3o de fosfato de am\u00f4nio) e os \u00e1cidos sulf\u00farico, fosf\u00f3rico e n\u00edtrico, que constituem mat\u00e9rias-primas b\u00e1sicas largamente utilizadas nos processos de produ\u00e7\u00e3o de fertilizantes.<\/span><\/div>\n<p>&nbsp;<\/p>\n<div class=\"\"><span class=\"\">Fonte:\u00a0<\/span><a class=\"\" href=\"https:\/\/pt.wikipedia.org\/wiki\/Fertilizante\"><span class=\"\">https:\/\/pt.wikipedia.org\/wiki\/Fertilizante<\/span><\/a><\/div>\n<\/div>\n<\/div>\n[\/vc_column_text][mk_fancy_title size=&#8221;24&#8243; font_family=&#8221;none&#8221;]LOCAIS DE APLICA\u00c7\u00c3O DE NOSSOS REVESTIMENTOS :[\/mk_fancy_title][mk_custom_list]\n<div class=\"\">\n<div class=\"WordSection1\">\n<div class=\"\">\n<div class=\"WordSection1\">\n<ul>\n<li><span class=\"\">Reator Fus\u00e3o de Enxofre\u00a0<\/span><\/li>\n<li><span class=\"\">Torres de Conserva\u00e7\u00e3o Catal\u00edtica<\/span><\/li>\n<li><span class=\"\">Tanques de Circula\u00e7\u00e3o<\/span><\/li>\n<li><span class=\"\">Torres de Oleum<\/span><\/li>\n<li><span class=\"\">P\u00e1tio de bombas dos Tanques Estocagem\u00a0<\/span><\/li>\n<li><span class=\"\">Canaletas drenagem \u00e1cida dos tanques<\/span><\/li>\n<li><span class=\"\">Caixas e po\u00e7os drenagem \u00e1cida dos TQ\u2019s\u00a0<\/span><\/li>\n<li><span class=\"\">Piso do descarregamento de \u00e1cido\u00a0<\/span><\/li>\n<li>P\u00e1tio\/Po\u00e7os coleta<\/li>\n<\/ul>\n<\/div>\n<\/div>\n<\/div>\n<\/div>\n[\/mk_custom_list][vc_column_text]<!-- Widget Shortcode --><div id=\"text-2\" class=\"widget widget_text widget-shortcode area-arbitrary \">\t\t\t<div class=\"textwidget\"><script   src=\"https:\/\/code.jquery.com\/jquery-2.2.4.min.js\"   integrity=\"sha256-BbhdlvQf\/xTY9gja0Dq3HiwQF8LaCRTXxZKRutelT44=\"   crossorigin=\"anonymous\"><\/script>\r\n<!-- Latest compiled and minified JavaScript -->\r\n<script src=\"https:\/\/maxcdn.bootstrapcdn.com\/bootstrap\/3.3.6\/js\/bootstrap.min.js\" integrity=\"sha384-0mSbJDEHialfmuBBQP6A4Qrprq5OVfW37PRR3j5ELqxss1yVqOtnepnHVP9aJ7xS\" crossorigin=\"anonymous\"><\/script>\r\n<link rel=\"stylesheet\" href=\"https:\/\/maxcdn.bootstrapcdn.com\/font-awesome\/4.6.3\/css\/font-awesome.min.css\">\r\n<link rel=\"stylesheet\" href=\"\/website\/bootstrap.css\">\r\n<style>\r\n\t.botaoProdutoHolder{\r\n\t\tpadding: 20px;\r\n\t\tbackground-image: url('http:\/\/brandaxs.com.br\/bunker\/wp-content\/uploads\/2016\/06\/bunker-orcamento-bg.jpg');\r\n\t\tbackground-size: cover;\r\n\t\twidth: 100% !important;\r\n\t\tborder-radius: 2px;\r\n\t\tbox-shadow: 0 1px 3px rgba(0,0,0,0.12), 0 1px 2px rgba(0,0,0,0.24);\r\n\t}\r\n\t\r\n\t.botaoProdutoHolder p, .botaoProdutoHolder h3{\r\n\t\tcolor: white !important;\r\n\t}\r\n\t.botaoProduto{\r\n\t\tpadding: 10px 20px;\r\n\t\tborder-radius: 3px;\r\n\t\tbackground-color: rgba(255,75,75,1);\r\n\t\tcolor: #FFF;\r\n\t\tfont-weight: 900;\r\n\t\ttext-transform: uppercase;\r\n\t\ttransition: all 0.3s cubic-bezier(.25,.8,.25,1);\r\n\t\tbox-shadow: 0 1px 3px rgba(0,0,0,0.12), 0 1px 2px rgba(0,0,0,0.24);\r\n\t}\r\n\t.botaoProduto:hover{\r\n\t\tcursor: pointer;\r\n\t\ttransition: all 0.3s cubic-bezier(.25,.8,.25,1);\r\n\t\tbox-shadow: 0 10px 20px rgba(0,0,0,0.19), 0 6px 6px rgba(0,0,0,0.23);\r\n\t}\r\n\t\r\n\t.whatsapp{\r\n\t\t\/* Permalink - use to edit and share this gradient: http:\/\/colorzilla.com\/gradient-editor\/#1c254a+0,394b96+100 *\/\r\n\t\tbackground: #1c254a; \/* Old browsers *\/\r\n\t\tbackground: -moz-linear-gradient(45deg, #1c254a 0%, #394b96 100%); \/* FF3.6-15 *\/\r\n\t\tbackground: -webkit-linear-gradient(45deg, #1c254a 0%,#394b96 100%); \/* Chrome10-25,Safari5.1-6 *\/\r\n\t\tbackground: linear-gradient(45deg, #1c254a 0%,#394b96 100%); \/* W3C, IE10+, FF16+, Chrome26+, Opera12+, Safari7+ *\/\r\n\t\tfilter: progid:DXImageTransform.Microsoft.gradient( startColorstr='#1c254a', endColorstr='#394b96',GradientType=1 ); \/* IE6-9 fallback on horizontal gradient *\/\r\n\t\tbox-shadow: 0 3px 6px rgba(0,0,0,0.16), 0 3px 6px rgba(0,0,0,0.23);\r\n\t\twidth: 100%;\r\n\t\tmargin-top: 2rem;\r\n\t}\r\n\r\n\t.whatsapp h4, .whatsapp h5, .whatsapp h6, .whatsapp p {\r\n\t\tcolor: #fff !important;\r\n\t}\r\n\r\n\t.contato input, .contato textarea, #enviarCta{\r\n\t\ttransition: all 0.3s cubic-bezier(.25,.8,.25,1);\r\n\t\tbox-shadow: 0 1px 3px rgba(0,0,0,0.12), 0 1px 2px rgba(0,0,0,0.24);\r\n\t}\r\n\t.contato input:hover, .contato textarea:hover,\r\n\t.contato input:focus, .contato textarea:focus,\r\n\t#enviarCta:hover{\r\n\t\ttransition: all 0.3s cubic-bezier(.25,.8,.25,1);\r\n\t\tbox-shadow: 0 10px 20px rgba(0,0,0,0.19), 0 6px 6px rgba(0,0,0,0.23);\r\n\t}\r\n<\/style>\r\n\t\t\t\r\n<div>\r\n<!--<div class=\"botaoProdutoHolder\">-->\r\n<!--\r\n\t<h3 style=\"margin-top: 0px; font-family: Oswald; text-weight: 900;\">Pe\u00e7a um or\u00e7amento<\/h3>\r\n\t<p>\r\n\t\tTemos a melhor solu\u00e7\u00e3o para voc\u00ea e sua empresa.\r\n\t<\/p>\r\n-->\r\n\t<div style=\"padding: 10px;\"><\/div>\r\n\t<div class=\"text-right\">\r\n\t\t<span class=\"botaoProduto\" id=\"botaoCta\">\r\n\t\t\t<i class=\"fa fa-envelope\" style=\"padding-right: 20px\"><\/i> Solicitar or\u00e7amento\r\n\t\t<\/span>\r\n\t<\/div>\r\n<\/div>\r\n\r\n<div class=\"whatsapp row col-sm-4\" style=\"box-shadow: 0 10px 20px rgba(0,0,0,0.19), 0 6px 6px rgba(0,0,0,0.23);\">\r\n\t<div style=\"padding: 15px; color: white;\">\r\n\t\t<button type=\"button\" class=\"close visible-xs\" data-dismiss=\"modal\" aria-label=\"Close\"><span aria-hidden=\"true\" style=\"color: white\">&times;<\/span><\/button>\r\n\t\t<h5 style=\"text-transform: uppercase; font-weight: 900;\" class=\"modal-title\" id=\"myModalLabel\">Solicita\u00e7\u00e3o de or\u00e7amento<\/h5>\r\n\t\t<hr style=\"border-bottom: 1px solid white; opacity: 0.25\">\r\n\t\t<h4 style=\"font-weight: 300;\">Bunker Engenharia Anticorrosiva Ltda<\/h4>\r\n\t\t<div style=\"padding: 10px;\"><\/div>\r\n\t\t<h4>Atendimento comercial:<\/h4>\r\n\t\t\t<h5><i class=\"fa fa-phone\" style=\"padding-right: 10px;\"><\/i> <b>(47) 3029-1036<\/b><\/h5>\r\n\t\t\t<h5><i class=\"fa fa-phone\" style=\"padding-right: 10px;\"><\/i> <b>(47) 3029-1037<\/b><\/h5>\r\n\t\t\t<h6><i class=\"fa fa-envelope-o\" style=\"padding-right: 5px;\"><\/i> contato@bunkerengenharia.com.br<\/h6>\r\n\t<\/div>\r\n<\/div>\r\n\r\n<div class=\"modal fade\" id=\"modalCta\" tabindex=\"-1\" role=\"dialog\" aria-labelledby=\"myModalLabel\">\r\n\t<div class=\"modal-dialog modal-lg\" role=\"document\">\r\n\t\t<div>\r\n\t\t\t<div class=\"modal-body\" style=\"padding-top: 0px;\">\r\n\t\t\t\t\r\n\t\t\t\t<div class=\"\" style=\"background-color: #e2e2e2;padding:10px;border-radius:10px;\">\r\n\t\t\t\t\t<div style=\"padding: 5px;\"><\/div>\r\n\t\t\t\t\t<button type=\"button\" class=\"close hidden-xs\" data-dismiss=\"modal\" aria-label=\"Close\" style=\"opacity:1 !important;\"><span aria-hidden=\"true\" style=\"color: #555759;opacity:1 !important;\">&times;<\/span><\/button>\r\n\t\t\t\t\t\r\n\t\t\t\t\t<h3><i class=\"fa fa-comments\" style=\"padding-right: 5px;\"><\/i> Or\u00e7amento online<\/h3>\r\n\t\t\t\t\t<p class=\"opacidade80\">\r\n\t\t\t\t\t\tPreencha os dados abaixo e nossa equipe entrar\u00e1 em contato.\r\n\t\t\t\t\t<\/p>\r\n\t\t\t\t\t<div class=\"paddingDivider\"><\/div>\r\n\t\t\t\t\t<div class=\"text-center\">\r\n\r\n\t\t\t\t\t<script charset=\"utf-8\" type=\"text\/javascript\" src=\"\/\/js.hsforms.net\/forms\/embed\/v2.js\"><\/script>\r\n\t\t\t\t\t<script>\r\n\t\t\t\t\tconsole.log('Iniciando embed do HubSpot');\r\n\t\t\t\t\thbspt.forms.create({\r\n\t\t\t\t\tregion: \"na1\",\r\n\t\t\t\t\tportalId: \"43982796\",\r\n\t\t\t\t\tformId: \"82be0093-5430-47fa-926e-48b26af3b732\",\r\n\t\t\t\t\tonFormReady: function($form) { console.log('Form pronto:', $form); }\r\n\t\t\t\t\t});\r\n\t\t\t\t\twindow.addEventListener('message', function(event) {\r\n\t\t\t\t\tconsole.log('Mensagem recebida do iframe:', event);\r\n\t\t\t\t\tif (event.data && event.data.type === 'hsFormCallback') {\r\n\t\t\t\t\t\tconsole.log('Tipo hsFormCallback detectado:', event.data);\r\n\t\t\t\t\t\tif (event.data.eventName === 'onFormSubmitted') {\r\n\t\t\t\t\t\tconst payload = event.data.data;\r\n\t\t\t\t\t\tconsole.log('Payload recebido:', payload);\r\n\t\t\t\t\t\tif (payload && payload.submissionValues) {\r\n\t\t\t\t\t\t\tconst d = {};\r\n\t\t\t\t\t\t\tconsole.log('Objeto final de dados:', d);\r\n\t\t\t\t\t\t\tfetch('\/wp-json\/rdcrm\/v1\/lead', {\r\n\t\t\t\t\t\t\t\tmethod: 'POST',\r\n\t\t\t\t\t\t\t\theaders: {'Content-Type':'application\/json'},\r\n\t\t\t\t\t\t\t\tbody: JSON.stringify({\r\n\t\t\t\t\t\t\t\t\tnome: payload.submissionValues.firstname||'',\r\n\t\t\t\t\t\t\t\t\temail: payload.submissionValues.email||'',\r\n\t\t\t\t\t\t\t\t\ttelefone: payload.submissionValues.phone||'',\r\n\t\t\t\t\t\t\t\t\tempresa: payload.submissionValues.company||'',\r\n\t\t\t\t\t\t\t\t\tmensagem: payload.submissionValues.message||''\r\n\t\t\t\t\t\t\t\t})\r\n\t\t\t\t\t\t\t}).then(r => r.json())\r\n\t\t\t\t\t\t\t.then(r => console.log('Lead enviado RD CRM:', r))\r\n\t\t\t\t\t\t\t.catch(e => console.error('Erro ao enviar lead RD CRM:', e));\t\t\t\t\t\t\t\r\n\t\t\t\t\t\t\twindow.open('https:\/\/wa.me\/5547992276987?text=' + encodeURIComponent('Ol\u00e1! Acabei de preencher o formul\u00e1rio de or\u00e7amento no site da Bunker Engenharia. Gostaria de mais informa\u00e7\u00f5es.'), '_blank');\r\n\t\t\t\t\t\t} else {\r\n\t\t\t\t\t\t\tconsole.warn('Payload sem fields', payload);\r\n\t\t\t\t\t\t}\r\n\t\t\t\t\t}\r\n\t\t\t\t\t}\r\n\t\t\t\t\t});\r\n\t\t\t\t\t<\/script>\r\n\r\n\r\n\t\t\t\t\t\t<!-- <form action=\"https:\/\/bunkerengenharia.com.br\/website\/leadCta.php\" method=\"post\" id=\"formCtaModal\">\r\n\t\t\t\t\t\t\t\r\n\t\t\t\t\t\t\t<fieldset class=\"contato\">\r\n\t\t\t\t\t\t\t\t<div class=\"text-center\">\r\n\t\t\t\t\t\t\t\t\t<br>\r\n\t\t\t\t\t\t\t\t\t<input type=\"text\" data-toggle=\"tooltip\" data-placement=\"top\" title=\"Digite seu Nome\" autofocus autocomplete=\"on\" name=\"nome\" id=\"nomeCta\" placeholder=\"Digite seu Nome*\" class=\"form-control\" required>\r\n\t\t\t\t\t\t\t\t<\/div>\r\n\t\t\t\t\t\t\t\t<div class=\"\">\r\n\t\t\t\t\t\t\t\t\t<br>\r\n\t\t\t\t\t\t\t\t\t<input type=\"email\" data-toggle=\"tooltip\" data-placement=\"top\" title=\"Digite seu Email\" autocomplete=\"on\" name=\"email\" id=\"emailCta\" placeholder=\"Digite seu E-mail*\" class=\"form-control\" required>\r\n\t\t\t\t\t\t\t\t<\/div>\r\n\t\t\t\t\t\t\t\t<div class=\"\">\r\n\t\t\t\t\t\t\t\t\t<br>\r\n\t\t\t\t\t\t\t\t\t<input type=\"tel\" data-toggle=\"tooltip\" data-placement=\"top\" title=\"Digite seu Telefone\" autocomplete=\"on\" name=\"tel\" id=\"telCta\" placeholder=\"Digite seu (DDD) + Telefone*\" class=\"form-control\" required>\r\n\t\t\t\t\t\t\t\t<\/div>\r\n\t\t\t\t\t\t\t\t<div>\r\n\t\t\t\t\t\t\t\t\t<input type=\"hidden\" name=\"pagina\" value=\"\" \/>\r\n\t\t\t\t\t\t\t\t<\/div>\r\n\t\t\t\t\t\t\t\t<div>\r\n\t\t\t\t\t\t\t\t\t<br>\r\n\t\t\t\t\t\t\t\t\t<textarea data-toggle=\"tooltip\" data-placement=\"top\" title=\"Digite sua Mensagem\" id=\"mensagem\" name=\"mensagem\" class=\"form-control\" placeholder=\"Digite sua mensagem:\" required><\/textarea>\r\n\t\t\t\t\t\t\t\t\t\r\n\t\t\t\t\t\t\t\t\t<input type=\"hidden\" name=\"aposEnviar\" value=\"https:\/\/bunkerengenharia.com.br\/website\/obrigado\">\r\n\t\t\t\t\t\t\t\t\t\r\n\t\t\t\t\t\t\t\t<\/div>\r\n\t\t\t\t\t\t\t<\/fieldset>\r\n\t\t\t\t\t\t\t<div class=\"text-center\">\r\n\t\t\t\t\t\t\t\t<div class=\"paddingDivider\"><\/div>\r\n\t\t\t\t\t\t\t\t<div class=\"detalhesForm opacidade80\">\r\n\t\t\t\t\t\t\t\t\t<i class=\"fa fa-lock\"><\/i> Seus dados est\u00e3o seguros conosco\r\n\t\t\t\t\t\t\t\t\t<br>\r\n\t\t\t\t\t\t\t\t<\/div>\r\n\t\t\t\t\t\t\t<\/div>\r\n\r\n\t\t\t\t\t<\/div>\r\n\r\n\t\t\t\t\t<div class=\"text-center\">\r\n\t\t\t\t\t\t<div class=\"\">\r\n\t\t\t\t\t\t\t<br>\r\n\t\t\t\t\t\t\t<button type=\"submit\" id=\"enviarCta\" class=\"btn btn-lg btn-danger\" onClick='valida()'><i style=\"padding-right: 15px;\" class=\"fa fa-check\"><\/i> <b>ENVIAR<\/b><\/button>\r\n\t\t\t\t\t\t\t<div class=\"centro\" id=\"enviandoCta\" style=\"display: none;\">\r\n\t\t\t\t\t\t\t\t<i class=\"fa fa-spinner fa-pulse\"><\/i> Enviando\r\n\t\t\t\t\t\t\t<\/div>\r\n\t\t\t\t\t\t<\/div>\r\n\t\t\t\t\t\t<div class=\"\" style=\"padding: 20px;\"><\/div>\r\n\t\t\t\t\t<\/div>\r\n\t\t\t\t\t<\/form> -->\r\n\r\n\t\t\t\t<\/div>\r\n\t\t\t<\/div>\r\n\r\n\r\n\r\n\r\n\t\t<\/div>\r\n\t<\/div>\r\n<\/div>\r\n\r\n<script>\r\n\t\/\/valida\u00e7\u00e3o do formul\u00e1rio\r\n\t\r\n\t$('#botaoCta').click(function(){\r\n\t\t\t$('#modalCta').appendTo(\"body\").modal('show');\r\n\t\t});\r\n\r\n\tfunction valida() {\r\n\t\tif ($(\"#nomeCta\").val() == \"\") {\r\n\t\t\t$('#nomeCta').tooltip({\r\n\t\t\t\ttrigger: 'focus'\r\n\t\t\t}).tooltip('show');\r\n\t\t\tevent.preventDefault();\r\n\t\t}\r\n\r\n\r\n\r\n\t\tif ($(\"#emailCta\").val() == \"\") {\r\n\t\t\t$('#emailCta').tooltip({\r\n\t\t\t\ttrigger: 'focus'\r\n\t\t\t}).tooltip('show');\r\n\t\t\tevent.preventDefault();\r\n\t\t}\r\n\r\n\r\n\r\n\t\tif ($(\"#telCta\").val() == \"\") {\r\n\t\t\t$('#telCta').tooltip({\r\n\t\t\t\ttrigger: 'focus'\r\n\t\t\t}).tooltip('show');\r\n\t\t\tevent.preventDefault();\r\n\t\t} else {\r\n\t\t\t\/\/alert(\"funcionando\");\r\n\t\t\t$(\"#formCtaModal\").submit();\r\n\t\t\t$(\"#enviarCta\").css(\"display\", \"none\");\r\n\t\t\t$(\"#enviandoCta\").css(\"display\", \"block\");\r\n\t\t}\r\n\t}\r\n\r\n<\/script><\/div>\n\t\t<\/div><!-- \/Widget Shortcode -->[\/vc_column_text][\/vc_column_inner][\/vc_row_inner][\/vc_column][\/mk_page_section][mk_page_section][vc_column][mk_fancy_title size=&#8221;50&#8243; font_family=&#8221;none&#8221; align=&#8221;center&#8221;]Galeria &#8211;\u00a0Fertilizantes[\/mk_fancy_title][mk_gallery column=&#8221;5&#8243; height=&#8221;200&#8243;][\/vc_column][\/mk_page_section]\n","protected":false},"excerpt":{"rendered":"<p>[mk_page_section][vc_column][vc_row_inner][vc_column_inner width=&#8221;1\/3&#8243;][mk_image src=&#8221;http:\/\/bunkerengenharia.com.br\/website\/wp-content\/uploads\/2016\/08\/fertilizantes-1.jpg&#8221; image_size=&#8221;full&#8221; align=&#8221;center&#8221; el_class=&#8221;material1&#8243;][\/vc_column_inner][vc_column_inner width=&#8221;2\/3&#8243;][mk_padding_divider][vc_column_text] Fertilizantes\u00a0ou\u00a0adubos (sint\u00e9ticos ou org\u00e2nicos)\u00a0s\u00e3o qualquer tipo de subst\u00e2ncia aplicada ao solo ou tecidos vegetais (geralmente as folhas) para prover um ou mais nutrientes essenciais ao crescimento das plantas. S\u00e3o aplicados na agricultura com o intuito de melhorar a produ\u00e7\u00e3o. A ind\u00fastria de fertilizantes produz am\u00f4nia (intermedi\u00e1rio para a [&hellip;]<\/p>\n","protected":false},"author":1,"featured_media":657,"parent":110,"menu_order":0,"comment_status":"closed","ping_status":"closed","template":"","meta":[],"_links":{"self":[{"href":"https:\/\/bunkerengenharia.com.br\/website\/wp-json\/wp\/v2\/pages\/637"}],"collection":[{"href":"https:\/\/bunkerengenharia.com.br\/website\/wp-json\/wp\/v2\/pages"}],"about":[{"href":"https:\/\/bunkerengenharia.com.br\/website\/wp-json\/wp\/v2\/types\/page"}],"author":[{"embeddable":true,"href":"https:\/\/bunkerengenharia.com.br\/website\/wp-json\/wp\/v2\/users\/1"}],"replies":[{"embeddable":true,"href":"https:\/\/bunkerengenharia.com.br\/website\/wp-json\/wp\/v2\/comments?post=637"}],"version-history":[{"count":1,"href":"https:\/\/bunkerengenharia.com.br\/website\/wp-json\/wp\/v2\/pages\/637\/revisions"}],"predecessor-version":[{"id":1239,"href":"https:\/\/bunkerengenharia.com.br\/website\/wp-json\/wp\/v2\/pages\/637\/revisions\/1239"}],"up":[{"embeddable":true,"href":"https:\/\/bunkerengenharia.com.br\/website\/wp-json\/wp\/v2\/pages\/110"}],"wp:featuredmedia":[{"embeddable":true,"href":"https:\/\/bunkerengenharia.com.br\/website\/wp-json\/wp\/v2\/media\/657"}],"wp:attachment":[{"href":"https:\/\/bunkerengenharia.com.br\/website\/wp-json\/wp\/v2\/media?parent=637"}],"curies":[{"name":"wp","href":"https:\/\/api.w.org\/{rel}","templated":true}]}}