{"id":22,"date":"2016-05-03T11:44:02","date_gmt":"2016-05-03T14:44:02","guid":{"rendered":"http:\/\/bunkerengenharia.com.br\/website\/?page_id=22"},"modified":"2024-10-31T11:50:08","modified_gmt":"2024-10-31T14:50:08","slug":"solucoes-e-sistemas","status":"publish","type":"page","link":"https:\/\/bunkerengenharia.com.br\/website\/solucoes-e-sistemas\/","title":{"rendered":"Solu\u00e7\u00f5es e sistemas"},"content":{"rendered":"[mk_page_section][vc_column][vc_wp_text]<a class=\"itemPagina\" href=\"http:\/\/bunkerengenharia.com.br\/website\/solucoes-e-sistemas\/auto-nivelante\/\"><br \/>\n<i class=\"fa fa-chevron-right\" style=\"padding-right: 10px;\"><\/i>Auto-nivelante<br \/>\n<\/a><\/p>\n<p><a class=\"itemPagina\" href=\"http:\/\/bunkerengenharia.com.br\/website\/areas-de-atuacao\/borracha-ebonite\/\"><br \/>\n<i class=\"fa fa-chevron-right\" style=\"padding-right: 10px;\"><\/i>Borracha &#8211; ebonite<br \/>\n<\/a><\/p>\n<p><a class=\"itemPagina\" href=\"http:\/\/bunkerengenharia.com.br\/website\/areas-de-atuacao\/placas-ceramicas-e-tijolos\/\"><br \/>\n<i class=\"fa fa-chevron-right\" style=\"padding-right: 10px;\"><\/i>Placas cer\u00e2micas e tijolos<br \/>\n<\/a><\/p>\n<p><a class=\"itemPagina\" href=\"http:\/\/bunkerengenharia.com.br\/website\/areas-de-atuacao\/revestimentos-espatulados\/\"><br \/>\n<i class=\"fa fa-chevron-right\" style=\"padding-right: 10px;\"><\/i>Revestimentos espatulados<br \/>\n<\/a><\/p>\n<p><a class=\"itemPagina\" href=\"http:\/\/bunkerengenharia.com.br\/website\/areas-de-atuacao\/revestimentos-reforcados\/\"><br \/>\n<i class=\"fa fa-chevron-right\" style=\"padding-right: 10px;\"><\/i>Revestimentos refor\u00e7ados<br \/>\n<\/a><\/p>\n<p><a class=\"itemPagina\" href=\"http:\/\/bunkerengenharia.com.br\/website\/areas-de-atuacao\/sistema-de-laminacao-sintetica\/\"><br \/>\n<i class=\"fa fa-chevron-right\" style=\"padding-right: 10px;\"><\/i>Sistema de lamina\u00e7\u00e3o sint\u00e9tica<br \/>\n<\/a><\/p>\n<p><a class=\"itemPagina\" href=\"http:\/\/bunkerengenharia.com.br\/website\/areas-de-atuacao\/sistema-espatulado-reforcado\/\"><br \/>\n<i class=\"fa fa-chevron-right\" style=\"padding-right: 10px;\"><\/i>Sistema espatulado refor\u00e7ado<br \/>\n<\/a><\/p>\n<p><a class=\"itemPagina\" href=\"http:\/\/bunkerengenharia.com.br\/website\/areas-de-atuacao\/sistema-fiberglass\/\"><br \/>\n<i class=\"fa fa-chevron-right\" style=\"padding-right: 10px;\"><\/i>Sistema fiberglass<br \/>\n<\/a><\/p>\n<p><a class=\"itemPagina\" href=\"http:\/\/bunkerengenharia.com.br\/website\/areas-de-atuacao\/sistema-fiberglass-reforcado\/\"><br \/>\n<i class=\"fa fa-chevron-right\" style=\"padding-right: 10px;\"><\/i>Sistema fiberglass refor\u00e7ado<br \/>\n<\/a><\/p>\n<p><a class=\"itemPagina\" href=\"http:\/\/bunkerengenharia.com.br\/website\/areas-de-atuacao\/sistema-laminacao-com-alcatrao-de-hulha\/\"><br \/>\n<i class=\"fa fa-chevron-right\" style=\"padding-right: 10px;\"><\/i>Sistema lamina\u00e7\u00e3o com alcatr\u00e3o de hulha<br \/>\n<\/a><\/p>\n<p><a class=\"itemPagina\" href=\"http:\/\/bunkerengenharia.com.br\/website\/areas-de-atuacao\/outros\/\"><br \/>\n<i class=\"fa fa-chevron-right\" style=\"padding-right: 10px;\"><\/i>Outros<br \/>\n<\/a>[\/vc_wp_text][\/vc_column][\/mk_page_section]\n","protected":false},"excerpt":{"rendered":"<p>[mk_page_section][vc_column][vc_wp_text] Auto-nivelante Borracha &#8211; ebonite Placas cer\u00e2micas e tijolos Revestimentos espatulados Revestimentos refor\u00e7ados Sistema de lamina\u00e7\u00e3o sint\u00e9tica Sistema espatulado refor\u00e7ado Sistema fiberglass Sistema fiberglass refor\u00e7ado Sistema lamina\u00e7\u00e3o com alcatr\u00e3o de hulha Outros [\/vc_wp_text][\/vc_column][\/mk_page_section]<\/p>\n","protected":false},"author":1,"featured_media":0,"parent":0,"menu_order":0,"comment_status":"closed","ping_status":"closed","template":"","meta":[],"_links":{"self":[{"href":"https:\/\/bunkerengenharia.com.br\/website\/wp-json\/wp\/v2\/pages\/22"}],"collection":[{"href":"https:\/\/bunkerengenharia.com.br\/website\/wp-json\/wp\/v2\/pages"}],"about":[{"href":"https:\/\/bunkerengenharia.com.br\/website\/wp-json\/wp\/v2\/types\/page"}],"author":[{"embeddable":true,"href":"https:\/\/bunkerengenharia.com.br\/website\/wp-json\/wp\/v2\/users\/1"}],"replies":[{"embeddable":true,"href":"https:\/\/bunkerengenharia.com.br\/website\/wp-json\/wp\/v2\/comments?post=22"}],"version-history":[{"count":2,"href":"https:\/\/bunkerengenharia.com.br\/website\/wp-json\/wp\/v2\/pages\/22\/revisions"}],"predecessor-version":[{"id":1260,"href":"https:\/\/bunkerengenharia.com.br\/website\/wp-json\/wp\/v2\/pages\/22\/revisions\/1260"}],"wp:attachment":[{"href":"https:\/\/bunkerengenharia.com.br\/website\/wp-json\/wp\/v2\/media?parent=22"}],"curies":[{"name":"wp","href":"https:\/\/api.w.org\/{rel}","templated":true}]}}