{"id":18,"date":"2016-05-03T11:43:26","date_gmt":"2016-05-03T14:43:26","guid":{"rendered":"http:\/\/bunkerengenharia.com.br\/website\/?page_id=18"},"modified":"2024-12-06T12:58:36","modified_gmt":"2024-12-06T15:58:36","slug":"empresa","status":"publish","type":"page","link":"https:\/\/bunkerengenharia.com.br\/website\/empresa\/","title":{"rendered":"Empresa"},"content":{"rendered":"[mk_page_section attachment=&#8221;fixed&#8221; bg_position=&#8221;left bottom&#8221; bg_repeat=&#8221;no-repeat&#8221; bg_stretch=&#8221;true&#8221; enable_3d=&#8221;true&#8221; speed_factor=&#8221;1.4&#8243; bg_gradient=&#8221;vertical&#8221; video_color_mask=&#8221;rgba(0,0,0,0.01)&#8221; gr_end=&#8221;rgba(0,0,0,0.66)&#8221; video_opacity=&#8221;0&#8243; top_shadow=&#8221;true&#8221; full_width=&#8221;true&#8221; visibility=&#8221;visible-sm&#8221; sidebar=&#8221;sidebar-1&#8243;][vc_column][mk_image src=&#8221;http:\/\/bunkerengenharia.com.br\/website\/wp-content\/uploads\/2016\/05\/FotoFachada2.jpg&#8221; image_size=&#8221;full&#8221; el_class=&#8221;material1&#8243;][\/vc_column][\/mk_page_section][mk_page_section bg_image=&#8221;http:\/\/bunkerengenharia.com.br\/website\/wp-content\/uploads\/2016\/05\/FotoFachada2.jpg&#8221; attachment=&#8221;fixed&#8221; bg_position=&#8221;left bottom&#8221; bg_repeat=&#8221;no-repeat&#8221; bg_stretch=&#8221;true&#8221; enable_3d=&#8221;true&#8221; speed_factor=&#8221;1.4&#8243; bg_gradient=&#8221;vertical&#8221; video_color_mask=&#8221;rgba(0,0,0,0.01)&#8221; gr_end=&#8221;rgba(0,0,0,0.66)&#8221; video_opacity=&#8221;1&#8243; top_shadow=&#8221;true&#8221; min_height=&#8221;450&#8243; visibility=&#8221;hidden-sm&#8221; sidebar=&#8221;sidebar-1&#8243;][vc_column][mk_padding_divider size=&#8221;400&#8243;][mk_fancy_title tag_name=&#8221;h1&#8243; color=&#8221;#ffffff&#8221; size=&#8221;50&#8243; font_weight=&#8221;900&#8243; font_family=&#8221;none&#8221;]A EMPRESA<\/p>\n[\/mk_fancy_title][\/vc_column][\/mk_page_section][mk_page_section][vc_column width=&#8221;2\/3&#8243;][mk_padding_divider][vc_column_text]A\u00a0<b>BUNKER ENGENHARIA ANTICORROSIVA<\/b>, atua em todo o Territ\u00f3rio Nacional e nos pa\u00edses do Mercosul realizando Servi\u00e7os de Impermeabiliza\u00e7\u00e3o e Revestimentos Anticorrosivos na Constru\u00e7\u00e3o Civil ou Mec\u00e2nica, comprometendo-se a combater a Corros\u00e3o com efici\u00eancia e seriedade, aliando tecnologia de ponta e m\u00e3o de obra pr\u00f3pria altamente capacitada, dispondo de in\u00fameras solu\u00e7\u00f5es, tais como:[\/vc_column_text][mk_custom_list]\n<ul>\n<li>FIBERGLASS &#8211; Pl\u00e1stico refor\u00e7ado com fibras de vidro &#8211; PRFV;<\/li>\n<li>Revestimentos refor\u00e7ados com flocos de vidro;<\/li>\n<li>Revestimentos cer\u00e2micos e tijolos anti\u00e1cidos;<\/li>\n<li>Pinturas especiais;<\/li>\n<li>Reabilita\u00e7\u00e3o de tubula\u00e7\u00f5es e refor\u00e7os estruturais;<\/li>\n<li>Pisos de alto desempenho &#8211; Espatulados e autonivelantes;<\/li>\n<li>Borracha &#8211; Ebonite e outros.<\/li>\n<\/ul>\n[\/mk_custom_list][vc_column_text]\n<p>Contando com grande prestigio e vasto acervo t\u00e9cnico em\u00a0 ind\u00fastrias qu\u00edmicas, papel e celulose, fertilizantes, cloro soda, siderurgia, minera\u00e7\u00e3o, petr\u00f3leo e g\u00e1s, nas quais seus profissionais com mais de 25 anos de experi\u00eancia desenvolvem solu\u00e7\u00f5es inovadoras, garantindo a longevidade das linhas Industriais. Sua Diretoria \u00e9 composta por Marcos Castellan Hofheinz com 15 anos de experi\u00eancia na \u00e1rea comercial do segmento anticorrosivo e Jarbas Patr\u00edcio Bayerl Engenheiro civil com uma d\u00e9cada no planejamento e na coordena\u00e7\u00e3o de obras dentro e fora do territ\u00f3rio nacional.<\/p>\n<p>Dispondo de m\u00e3o de obra pr\u00f3pria e altamente especializada<b>,<\/b>\u00a0onde s\u00e3o constantemente treinados para trabalhos em espa\u00e7os confinados (NR-33) e\u00a0 altura (NR-35), atendendo a quaisquer necessidades de seus clientes, sejam elas, em paradas ou servi\u00e7os programados de manuten\u00e7\u00e3o, trabalhos emergenciais ou novos projetos. Al\u00e9m da qualidade e excel\u00eancia dos servi\u00e7os prestados, a Bunker Engenharia Anticorrosiva preocupa-se e faz com que seus colaboradores<i>\u00a0comprometam-se com as Quest\u00f5es Ambientais,\u00a0<\/i>dando\u00a0<i>especial aten\u00e7\u00e3o\u00a0\u00e0s exig\u00eancias de QSMS (Qualidade, Seguran\u00e7a, Meio Ambiente e Sa\u00fade).<\/i>\u00a0<i>Solu\u00e7\u00f5es para: Tanques de Estocagem, Torres de Branqueamento, Torres de Resfriamento, Vasos de Press\u00e3o, Filtros, Decantadores, Clarificadores, Diques, Bacias de Conten\u00e7\u00e3o, Chamin\u00e9s, Canaletas, Dutos, Piso Industriais, Tubula\u00e7\u00f5es, entre outros.<\/i><\/p>\n<hr \/>\n<p><strong>MISS\u00c3O &#8211; VIS\u00c3O &#8211; VALORES<\/strong><\/p>\n<p>Conhe\u00e7a abaixo a Miss\u00e3o, Vis\u00e3o e Valores da <strong>BUNKER ENGENHARIA ANTICORROSIVA:<\/strong><\/p>\n<p><strong>MISS\u00c3O<\/strong><br \/>\nDiagnosticar, Tratar e Proteger os Ambientes Industriais contra corros\u00e3o, trabalhando com velocidade no atendimento, comprometimento, qualidade, transpar\u00eancia e pre\u00e7o justo.<\/p>\n<p><strong>VIS\u00c3O<\/strong><br \/>\nSer a maior refer\u00eancia e a empresa Sul Americana mais confi\u00e1vel no segmento de revestimento anticorrosivo refor\u00e7ado.<\/p>\n<p><strong>VALORES<\/strong><br \/>\n\u00c9tica, Respeito, Agilidade, Qualidade, Trabalho em Equipe, Satisfa\u00e7\u00e3o do Cliente, Seguran\u00e7a e Valor \u00e0 Vida, Respeito ao Meio Ambiente.<\/p>\n<hr \/>\n[\/vc_column_text][\/vc_column][vc_column width=&#8221;1\/3&#8243;][mk_image src=&#8221;https:\/\/bunkerengenharia.com.br\/website\/wp-content\/uploads\/2016\/05\/FotoFachada2.jpg&#8221; image_size=&#8221;full&#8221; align=&#8221;center&#8221;][\/vc_column][\/mk_page_section]\n","protected":false},"excerpt":{"rendered":"<p>[mk_page_section attachment=&#8221;fixed&#8221; bg_position=&#8221;left bottom&#8221; bg_repeat=&#8221;no-repeat&#8221; bg_stretch=&#8221;true&#8221; enable_3d=&#8221;true&#8221; speed_factor=&#8221;1.4&#8243; bg_gradient=&#8221;vertical&#8221; video_color_mask=&#8221;rgba(0,0,0,0.01)&#8221; gr_end=&#8221;rgba(0,0,0,0.66)&#8221; video_opacity=&#8221;0&#8243; top_shadow=&#8221;true&#8221; full_width=&#8221;true&#8221; visibility=&#8221;visible-sm&#8221; sidebar=&#8221;sidebar-1&#8243;][vc_column][mk_image src=&#8221;http:\/\/bunkerengenharia.com.br\/website\/wp-content\/uploads\/2016\/05\/FotoFachada2.jpg&#8221; image_size=&#8221;full&#8221; el_class=&#8221;material1&#8243;][\/vc_column][\/mk_page_section][mk_page_section bg_image=&#8221;http:\/\/bunkerengenharia.com.br\/website\/wp-content\/uploads\/2016\/05\/FotoFachada2.jpg&#8221; attachment=&#8221;fixed&#8221; bg_position=&#8221;left bottom&#8221; bg_repeat=&#8221;no-repeat&#8221; bg_stretch=&#8221;true&#8221; enable_3d=&#8221;true&#8221; speed_factor=&#8221;1.4&#8243; bg_gradient=&#8221;vertical&#8221; video_color_mask=&#8221;rgba(0,0,0,0.01)&#8221; gr_end=&#8221;rgba(0,0,0,0.66)&#8221; video_opacity=&#8221;1&#8243; top_shadow=&#8221;true&#8221; min_height=&#8221;450&#8243; visibility=&#8221;hidden-sm&#8221; sidebar=&#8221;sidebar-1&#8243;][vc_column][mk_padding_divider size=&#8221;400&#8243;][mk_fancy_title tag_name=&#8221;h1&#8243; color=&#8221;#ffffff&#8221; size=&#8221;50&#8243; font_weight=&#8221;900&#8243; font_family=&#8221;none&#8221;]A EMPRESA [\/mk_fancy_title][\/vc_column][\/mk_page_section][mk_page_section][vc_column width=&#8221;2\/3&#8243;][mk_padding_divider][vc_column_text]A\u00a0BUNKER ENGENHARIA ANTICORROSIVA, atua em todo o Territ\u00f3rio Nacional e nos pa\u00edses [&hellip;]<\/p>\n","protected":false},"author":1,"featured_media":0,"parent":0,"menu_order":0,"comment_status":"closed","ping_status":"closed","template":"","meta":[],"_links":{"self":[{"href":"https:\/\/bunkerengenharia.com.br\/website\/wp-json\/wp\/v2\/pages\/18"}],"collection":[{"href":"https:\/\/bunkerengenharia.com.br\/website\/wp-json\/wp\/v2\/pages"}],"about":[{"href":"https:\/\/bunkerengenharia.com.br\/website\/wp-json\/wp\/v2\/types\/page"}],"author":[{"embeddable":true,"href":"https:\/\/bunkerengenharia.com.br\/website\/wp-json\/wp\/v2\/users\/1"}],"replies":[{"embeddable":true,"href":"https:\/\/bunkerengenharia.com.br\/website\/wp-json\/wp\/v2\/comments?post=18"}],"version-history":[{"count":21,"href":"https:\/\/bunkerengenharia.com.br\/website\/wp-json\/wp\/v2\/pages\/18\/revisions"}],"predecessor-version":[{"id":1288,"href":"https:\/\/bunkerengenharia.com.br\/website\/wp-json\/wp\/v2\/pages\/18\/revisions\/1288"}],"wp:attachment":[{"href":"https:\/\/bunkerengenharia.com.br\/website\/wp-json\/wp\/v2\/media?parent=18"}],"curies":[{"name":"wp","href":"https:\/\/api.w.org\/{rel}","templated":true}]}}