{"id":1263,"date":"2024-11-26T11:50:20","date_gmt":"2024-11-26T14:50:20","guid":{"rendered":"https:\/\/bunkerengenharia.com.br\/website\/?page_id=1263"},"modified":"2024-12-06T09:47:33","modified_gmt":"2024-12-06T12:47:33","slug":"politica-de-gestao-integrada","status":"publish","type":"page","link":"https:\/\/bunkerengenharia.com.br\/website\/politica-de-gestao-integrada\/","title":{"rendered":"Pol\u00edtica de Gest\u00e3o Integrada"},"content":{"rendered":"[mk_page_section][vc_column][mk_padding_divider size=&#8221;10&#8243;][mk_fancy_title tag_name=&#8221;h1&#8243; color=&#8221;#606163&#8243; size=&#8221;30&#8243; font_weight=&#8221;200&#8243; letter_spacing=&#8221;1&#8243; font_family=&#8221;Anton&#8221; font_type=&#8221;google&#8221;]Pol\u00edtica de Gest\u00e3o Integrada<\/p>\n[\/mk_fancy_title][mk_padding_divider size=&#8221;8&#8243;][vc_column_text]\n<p style=\" font-size: 16px; font-family: Montserrat, sans-serif; font-weight: 400;  line-height: 21.6px; letter-spacing: 0.04em;\">A BUNKER REVESTIMENTOS LTDA e a BUNKER INGENIERIA ANTICORROSIVA SPA (CHILE) especializadas em Servi\u00e7os de Impermeabiliza\u00e7\u00e3o e Revestimentos Anticorrosivos na Constru\u00e7\u00e3o Civil \/ Mec\u00e2nica, tem o compromisso de estabelecer, manter e melhorar continuamente o Sistema de Gest\u00e3o Integrada, buscando ser a maior refer\u00eancia e a empresa Sul Americana mais confi\u00e1vel no segmento de revestimentos anticorrosivos refor\u00e7ados, tendo como responsabilidade:<\/p>\n<ul>\n[\/vc_column_text][mk_padding_divider size=&#8221;10&#8243;][vc_column_text]\n<p style=\"display: flex; align-items: center; font-size: 16px; font-family: Montserrat, sans-serif; font-weight: 400; line-height: 21.6px; letter-spacing: 0.04em;\">\n  <span style=\"color: #BA9917; margin-right: 8px; font-size: 20px;\">&#x2714;<\/span><br \/>\nCompreender as expectativas das partes interessadas, atendendo os requisitos dos clientes, os requisitos legais e outros que possam impactar o SGI, mantendo a comunica\u00e7\u00e3o com as partes interessadas, atualizando-os sempre que necess\u00e1rios quanto ao SGI;<\/p>\n[\/vc_column_text][mk_padding_divider size=&#8221;19&#8243;][vc_column_text]\n<p style=\"display: flex; align-items: center; font-size: 16px; font-family: Montserrat, sans-serif; font-weight: 400; line-height: 21.6px; letter-spacing: 0.04em;\">\n  <span style=\"color: #BA9917; margin-right: 8px; font-size: 20px;\">&#x2714;<\/span><br \/>\n  Atuar atrav\u00e9s da antecipa\u00e7\u00e3o, reconhecimento e ado\u00e7\u00e3o de medidas de controle para neutralizar e \/ou eliminar os riscos de Sa\u00fade e Seguran\u00e7a ocupacional, priorizando a consulta e a participa\u00e7\u00e3o dos trabalhadores, com \u00eanfase na promo\u00e7\u00e3o \u00e0 sa\u00fade de todos os envolvidos, proporcionando condi\u00e7\u00f5es seguras de trabalho.;<\/p>\n[\/vc_column_text][mk_padding_divider size=&#8221;19&#8243;][vc_column_text]\n<p style=\"display: flex; align-items: center; font-size: 16px; font-family: Montserrat, sans-serif; font-weight: 400; line-height: 21.6px; letter-spacing: 0.04em;\">\n  <span style=\"color: #BA9917; margin-right: 8px; font-size: 20px;\">&#x2714;<\/span><br \/>\n  Manter colaboradores conscientizados, treinados e qualificados para assegurar, minimizar e \/ ou eliminar os impactos ambientais na execu\u00e7\u00e3o dos seus servi\u00e7os, contribuindo para a preserva\u00e7\u00e3o e prote\u00e7\u00e3o do meio ambiente.;<\/p>\n[\/vc_column_text][mk_padding_divider size=&#8221;19&#8243;][vc_column_text]\n<p style=\"display: flex; align-items: center; font-size: 16px; font-family: Montserrat, sans-serif; font-weight: 400; line-height: 21.6px; letter-spacing: 0.04em;\">\n  <span style=\"color: #BA9917; margin-right: 8px; font-size: 20px;\">&#x2714;<\/span><br \/>\n  Fornecer os recursos adequados, bem como desenvolver e capacitar os colaboradores para assegurar o comprometimento com os Objetivos Organizacionais e com o Sistema de Gest\u00e3o Integrada, possibilitando o crescimento e a perpetua\u00e7\u00e3o do neg\u00f3cio.;<\/p>\n[\/vc_column_text][mk_padding_divider size=&#8221;30&#8243;][vc_column_text]\n<p style=\" font-size: 14px; font-family: Montserrat, sans-serif; font-weight: 400;  line-height: 21.6px; letter-spacing: 0.04em;\">Rev.03   23\/10\/2024<\/p>\n<ul>\n[\/vc_column_text][mk_padding_divider][mk_button dimension=&#8221;flat&#8221; size=&#8221;large&#8221; url=&#8221;https:\/\/bunkerengenharia.com.br\/website\/wp-content\/uploads\/2024\/12\/Politica-de-Gestao-Integrada-Bunker-Engenharia.pdf&#8221; target=&#8221;_blank&#8221;]Acesse o Documento Oficial[\/mk_button][mk_padding_divider size=&#8221;50&#8243;][\/vc_column][\/mk_page_section]\n","protected":false},"excerpt":{"rendered":"<p>[mk_page_section][vc_column][mk_padding_divider size=&#8221;10&#8243;][mk_fancy_title tag_name=&#8221;h1&#8243; color=&#8221;#606163&#8243; size=&#8221;30&#8243; font_weight=&#8221;200&#8243; letter_spacing=&#8221;1&#8243; font_family=&#8221;Anton&#8221; font_type=&#8221;google&#8221;]Pol\u00edtica de Gest\u00e3o Integrada [\/mk_fancy_title][mk_padding_divider size=&#8221;8&#8243;][vc_column_text] A BUNKER REVESTIMENTOS LTDA e a BUNKER INGENIERIA ANTICORROSIVA SPA (CHILE) especializadas em Servi\u00e7os de Impermeabiliza\u00e7\u00e3o e Revestimentos Anticorrosivos na Constru\u00e7\u00e3o Civil \/ Mec\u00e2nica, tem o compromisso de estabelecer, manter e melhorar continuamente o Sistema de Gest\u00e3o Integrada, buscando ser a [&hellip;]<\/p>\n","protected":false},"author":1,"featured_media":0,"parent":0,"menu_order":0,"comment_status":"closed","ping_status":"closed","template":"","meta":[],"_links":{"self":[{"href":"https:\/\/bunkerengenharia.com.br\/website\/wp-json\/wp\/v2\/pages\/1263"}],"collection":[{"href":"https:\/\/bunkerengenharia.com.br\/website\/wp-json\/wp\/v2\/pages"}],"about":[{"href":"https:\/\/bunkerengenharia.com.br\/website\/wp-json\/wp\/v2\/types\/page"}],"author":[{"embeddable":true,"href":"https:\/\/bunkerengenharia.com.br\/website\/wp-json\/wp\/v2\/users\/1"}],"replies":[{"embeddable":true,"href":"https:\/\/bunkerengenharia.com.br\/website\/wp-json\/wp\/v2\/comments?post=1263"}],"version-history":[{"count":20,"href":"https:\/\/bunkerengenharia.com.br\/website\/wp-json\/wp\/v2\/pages\/1263\/revisions"}],"predecessor-version":[{"id":1287,"href":"https:\/\/bunkerengenharia.com.br\/website\/wp-json\/wp\/v2\/pages\/1263\/revisions\/1287"}],"wp:attachment":[{"href":"https:\/\/bunkerengenharia.com.br\/website\/wp-json\/wp\/v2\/media?parent=1263"}],"curies":[{"name":"wp","href":"https:\/\/api.w.org\/{rel}","templated":true}]}}