{"id":110,"date":"2016-05-10T11:03:43","date_gmt":"2016-05-10T14:03:43","guid":{"rendered":"http:\/\/bunkerengenharia.com.br\/website\/?page_id=110"},"modified":"2024-10-31T11:28:56","modified_gmt":"2024-10-31T14:28:56","slug":"areas-de-atuacao","status":"publish","type":"page","link":"https:\/\/bunkerengenharia.com.br\/website\/areas-de-atuacao\/","title":{"rendered":"\u00c1reas de Atua\u00e7\u00e3o"},"content":{"rendered":"[mk_page_section sidebar=&#8221;sidebar-1&#8243;][vc_column][vc_wp_text]<a class=\"itemPagina\" href=\"http:\/\/bunkerengenharia.com.br\/website\/areas-de-atuacao\/acucar-e-alcool\/\"><br \/>\n<i class=\"fa fa-chevron-right\" style=\"padding-right: 10px;\"><\/i>A\u00e7\u00facar e \u00e1lcool<br \/>\n<\/a><\/p>\n<p><a class=\"itemPagina\" href=\"http:\/\/bunkerengenharia.com.br\/website\/areas-de-atuacao\/automobilistica\/\"><br \/>\n<i class=\"fa fa-chevron-right\" style=\"padding-right: 10px;\"><\/i>Automobil\u00edstica<br \/>\n<\/a><\/p>\n<p><a class=\"itemPagina\" href=\"http:\/\/bunkerengenharia.com.br\/website\/areas-de-atuacao\/cloro-e-soda\/\"><br \/>\n<i class=\"fa fa-chevron-right\" style=\"padding-right: 10px;\"><\/i>Cloro e soda<br \/>\n<\/a><\/p>\n<p><a class=\"itemPagina\" href=\"http:\/\/bunkerengenharia.com.br\/website\/areas-de-atuacao\/construcao-e-engenharia\/\"><br \/>\n<i class=\"fa fa-chevron-right\" style=\"padding-right: 10px;\"><\/i>Constru\u00e7\u00e3o e engenharia<br \/>\n<\/a><\/p>\n<p><a class=\"itemPagina\" href=\"http:\/\/bunkerengenharia.com.br\/website\/areas-de-atuacao\/energia-e-comunicacao\/\"><br \/>\n<i class=\"fa fa-chevron-right\" style=\"padding-right: 10px;\"><\/i>Energia e comunica\u00e7\u00e3o<br \/>\n<\/a><\/p>\n<p><a class=\"itemPagina\" href=\"http:\/\/bunkerengenharia.com.br\/website\/areas-de-atuacao\/fertilizantes\/\"><br \/>\n<i class=\"fa fa-chevron-right\" style=\"padding-right: 10px;\"><\/i>Fertilizantes<br \/>\n<\/a><\/p>\n<p><a class=\"itemPagina\" href=\"http:\/\/bunkerengenharia.com.br\/website\/areas-de-atuacao\/galvanoplastia\/\"><br \/>\n<i class=\"fa fa-chevron-right\" style=\"padding-right: 10px;\"><\/i>Galvanoplastia<br \/>\n<\/a><\/p>\n<p><a class=\"itemPagina\" href=\"http:\/\/bunkerengenharia.com.br\/website\/areas-de-atuacao\/papel-e-celulose\/\"><br \/>\n<i class=\"fa fa-chevron-right\" style=\"padding-right: 10px;\"><\/i>Papel e celulose<br \/>\n<\/a><\/p>\n<p><a class=\"itemPagina\" href=\"http:\/\/bunkerengenharia.com.br\/website\/areas-de-atuacao\/petroleo\/\"><br \/>\n<i class=\"fa fa-chevron-right\" style=\"padding-right: 10px;\"><\/i>Petr\u00f3leo<br \/>\n<\/a><\/p>\n<p><a class=\"itemPagina\" href=\"http:\/\/bunkerengenharia.com.br\/website\/areas-de-atuacao\/quimica-e-petroquimica\/\"><br \/>\n<i class=\"fa fa-chevron-right\" style=\"padding-right: 10px;\"><\/i>Qu\u00edmica e petroqu\u00edmica<br \/>\n<\/a><\/p>\n<p><a class=\"itemPagina\" href=\"http:\/\/bunkerengenharia.com.br\/website\/areas-de-atuacao\/saneamento\/\"><br \/>\n<i class=\"fa fa-chevron-right\" style=\"padding-right: 10px;\"><\/i>Saneamento<br \/>\n<\/a><\/p>\n<p><a class=\"itemPagina\" href=\"http:\/\/bunkerengenharia.com.br\/website\/areas-de-atuacao\/setor-alimenticio\/\"><br \/>\n<i class=\"fa fa-chevron-right\" style=\"padding-right: 10px;\"><\/i>Setor aliment\u00edcio<br \/>\n<\/a><\/p>\n<p><a class=\"itemPagina\" href=\"http:\/\/bunkerengenharia.com.br\/website\/areas-de-atuacao\/siderurgia\/\"><br \/>\n<i class=\"fa fa-chevron-right\" style=\"padding-right: 10px;\"><\/i>Siderurgia<br \/>\n<\/a><\/p>\n<p><a class=\"itemPagina\" href=\"http:\/\/bunkerengenharia.com.br\/website\/areas-de-atuacao\/transporte\/\"><br \/>\n<i class=\"fa fa-chevron-right\" style=\"padding-right: 10px;\"><\/i>Transporte<br \/>\n<\/a>[\/vc_wp_text][\/vc_column][\/mk_page_section]\n","protected":false},"excerpt":{"rendered":"<p>[mk_page_section sidebar=&#8221;sidebar-1&#8243;][vc_column][vc_wp_text] A\u00e7\u00facar e \u00e1lcool Automobil\u00edstica Cloro e soda Constru\u00e7\u00e3o e engenharia Energia e comunica\u00e7\u00e3o Fertilizantes Galvanoplastia Papel e celulose Petr\u00f3leo Qu\u00edmica e petroqu\u00edmica Saneamento Setor aliment\u00edcio Siderurgia Transporte [\/vc_wp_text][\/vc_column][\/mk_page_section]<\/p>\n","protected":false},"author":1,"featured_media":0,"parent":0,"menu_order":0,"comment_status":"closed","ping_status":"closed","template":"","meta":[],"_links":{"self":[{"href":"https:\/\/bunkerengenharia.com.br\/website\/wp-json\/wp\/v2\/pages\/110"}],"collection":[{"href":"https:\/\/bunkerengenharia.com.br\/website\/wp-json\/wp\/v2\/pages"}],"about":[{"href":"https:\/\/bunkerengenharia.com.br\/website\/wp-json\/wp\/v2\/types\/page"}],"author":[{"embeddable":true,"href":"https:\/\/bunkerengenharia.com.br\/website\/wp-json\/wp\/v2\/users\/1"}],"replies":[{"embeddable":true,"href":"https:\/\/bunkerengenharia.com.br\/website\/wp-json\/wp\/v2\/comments?post=110"}],"version-history":[{"count":2,"href":"https:\/\/bunkerengenharia.com.br\/website\/wp-json\/wp\/v2\/pages\/110\/revisions"}],"predecessor-version":[{"id":1232,"href":"https:\/\/bunkerengenharia.com.br\/website\/wp-json\/wp\/v2\/pages\/110\/revisions\/1232"}],"wp:attachment":[{"href":"https:\/\/bunkerengenharia.com.br\/website\/wp-json\/wp\/v2\/media?parent=110"}],"curies":[{"name":"wp","href":"https:\/\/api.w.org\/{rel}","templated":true}]}}