{"id":1060,"date":"2024-03-28T16:09:03","date_gmt":"2024-03-28T19:09:03","guid":{"rendered":"https:\/\/bunkerengenharia.com.br\/website\/?page_id=1060"},"modified":"2025-03-19T12:21:51","modified_gmt":"2025-03-19T15:21:51","slug":"relatorio-de-transparencia-e-igualdade-salarial","status":"publish","type":"page","link":"https:\/\/bunkerengenharia.com.br\/website\/relatorio-de-transparencia-e-igualdade-salarial\/","title":{"rendered":"Relat\u00f3rio de Transpar\u00eancia e Igualdade Salarial"},"content":{"rendered":"[mk_page_section bg_image=&#8221;https:\/\/bunkerengenharia.com.br\/website\/wp-content\/uploads\/2024\/03\/mulher-e-homem-na-construcao-civil.png&#8221; bg_position=&#8221;center center&#8221; min_height=&#8221;340&#8243; full_width=&#8221;true&#8221; js_vertical_centered=&#8221;true&#8221; top_shape_color=&#8221;#ffffff&#8221; bottom_shape_color=&#8221;#ffffff&#8221; sidebar=&#8221;sidebar-1&#8243;][vc_column][mk_fancy_title tag_name=&#8221;h1&#8243; color=&#8221;#ffffff&#8221; size=&#8221;37&#8243; font_weight=&#8221;300&#8243; letter_spacing=&#8221;2&#8243; margin_bottom=&#8221;0&#8243; font_family=&#8221;Anton&#8221; font_type=&#8221;google&#8221; align=&#8221;center&#8221;]Relat\u00f3rio de Transpar\u00eancia e Igualdade Salarial<\/p>\n[\/mk_fancy_title][\/vc_column][\/mk_page_section][mk_page_section][vc_column][mk_padding_divider size=&#8221;10&#8243;][mk_fancy_title color=&#8221;#606163&#8243; size=&#8221;25&#8243; font_weight=&#8221;200&#8243; letter_spacing=&#8221;1&#8243; font_family=&#8221;Anton&#8221; font_type=&#8221;google&#8221;]Relat\u00f3rio de Transpar\u00eancia e Igualdade Salarial de Mulheres e Homens \u2013 2024.2<\/p>\n[\/mk_fancy_title][mk_padding_divider size=&#8221;8&#8243;][vc_column_text]\n<p style=\" font-size: 16px; font-family: Montserrat, sans-serif; font-weight: 400;  line-height: 21.6px; letter-spacing: 0.04em;\">A BUNKER ENGENHARIA ANTICORROSIVA, apresenta por meio desta, informa\u00e7\u00f5es sobre o Relat\u00f3rio de Transpar\u00eancia e Igualdade Salarial de Mulheres e Homens para o 2\u00ba semestre de 2024.<\/p>\n<ul>\n[\/vc_column_text][mk_padding_divider size=&#8221;19&#8243;][vc_column_text]\n<p style=\" font-size: 16px; font-family: Montserrat, sans-serif; font-weight: 400;  line-height: 21.6px; letter-spacing: 0.04em;\">Em 03 de julho de 2023, foi sancionada a Lei n\u00ba 14.611, que aborda a igualdade salarial e de crit\u00e9rios remunerat\u00f3rios entre homens e mulheres no ambiente de trabalho, modificando o artigo 461 da Consolida\u00e7\u00e3o das Leis do Trabalho (CLT).<\/p>\n<ul>\n[\/vc_column_text][mk_padding_divider size=&#8221;19&#8243;][vc_column_text]\n<p style=\" font-size: 16px; font-family: Montserrat, sans-serif; font-weight: 400;  line-height: 21.6px; letter-spacing: 0.04em;\">Com isso, empresas com mais de 100 funcion\u00e1rios devem adotar medidas para garantir essa igualdade, que incluem: transpar\u00eancia salarial, fiscaliza\u00e7\u00e3o contra discrimina\u00e7\u00e3o, canais de den\u00fancia, programas de diversidade e inclus\u00e3o, e apoio \u00e0 capacita\u00e7\u00e3o de mulheres.<\/p>\n<ul>\n[\/vc_column_text][mk_padding_divider size=&#8221;19&#8243;][vc_column_text]\n<p style=\" font-size: 16px; font-family: Montserrat, sans-serif; font-weight: 400;  line-height: 21.6px; letter-spacing: 0.04em;\">Esta lei \u00e9 uma iniciativa do Minist\u00e9rio do Trabalho e Emprego e do Minist\u00e9rio das Mulheres.<\/p>\n<ul>\n[\/vc_column_text][mk_padding_divider][mk_button dimension=&#8221;flat&#8221; size=&#8221;large&#8221; url=&#8221;https:\/\/bunkerengenharia.com.br\/website\/wp-content\/uploads\/2025\/03\/relatorio-de-transparencia-e-igualdade-salarial-bunker-engenharia-2025.pdf&#8221; target=&#8221;_blank&#8221; align=&#8221;center&#8221;]RELAT\u00d3RIO AQUI[\/mk_button][mk_padding_divider size=&#8221;50&#8243;][\/vc_column][\/mk_page_section]\n","protected":false},"excerpt":{"rendered":"<p>[mk_page_section bg_image=&#8221;https:\/\/bunkerengenharia.com.br\/website\/wp-content\/uploads\/2024\/03\/mulher-e-homem-na-construcao-civil.png&#8221; bg_position=&#8221;center center&#8221; min_height=&#8221;340&#8243; full_width=&#8221;true&#8221; js_vertical_centered=&#8221;true&#8221; top_shape_color=&#8221;#ffffff&#8221; bottom_shape_color=&#8221;#ffffff&#8221; sidebar=&#8221;sidebar-1&#8243;][vc_column][mk_fancy_title tag_name=&#8221;h1&#8243; color=&#8221;#ffffff&#8221; size=&#8221;37&#8243; font_weight=&#8221;300&#8243; letter_spacing=&#8221;2&#8243; margin_bottom=&#8221;0&#8243; font_family=&#8221;Anton&#8221; font_type=&#8221;google&#8221; align=&#8221;center&#8221;]Relat\u00f3rio de Transpar\u00eancia e Igualdade Salarial [\/mk_fancy_title][\/vc_column][\/mk_page_section][mk_page_section][vc_column][mk_padding_divider size=&#8221;10&#8243;][mk_fancy_title color=&#8221;#606163&#8243; size=&#8221;25&#8243; font_weight=&#8221;200&#8243; letter_spacing=&#8221;1&#8243; font_family=&#8221;Anton&#8221; font_type=&#8221;google&#8221;]Relat\u00f3rio de Transpar\u00eancia e Igualdade Salarial de Mulheres e Homens \u2013 2024.2 [\/mk_fancy_title][mk_padding_divider size=&#8221;8&#8243;][vc_column_text] A BUNKER ENGENHARIA ANTICORROSIVA, apresenta por meio desta, informa\u00e7\u00f5es sobre [&hellip;]<\/p>\n","protected":false},"author":1,"featured_media":1063,"parent":0,"menu_order":0,"comment_status":"closed","ping_status":"closed","template":"","meta":[],"_links":{"self":[{"href":"https:\/\/bunkerengenharia.com.br\/website\/wp-json\/wp\/v2\/pages\/1060"}],"collection":[{"href":"https:\/\/bunkerengenharia.com.br\/website\/wp-json\/wp\/v2\/pages"}],"about":[{"href":"https:\/\/bunkerengenharia.com.br\/website\/wp-json\/wp\/v2\/types\/page"}],"author":[{"embeddable":true,"href":"https:\/\/bunkerengenharia.com.br\/website\/wp-json\/wp\/v2\/users\/1"}],"replies":[{"embeddable":true,"href":"https:\/\/bunkerengenharia.com.br\/website\/wp-json\/wp\/v2\/comments?post=1060"}],"version-history":[{"count":27,"href":"https:\/\/bunkerengenharia.com.br\/website\/wp-json\/wp\/v2\/pages\/1060\/revisions"}],"predecessor-version":[{"id":1307,"href":"https:\/\/bunkerengenharia.com.br\/website\/wp-json\/wp\/v2\/pages\/1060\/revisions\/1307"}],"wp:featuredmedia":[{"embeddable":true,"href":"https:\/\/bunkerengenharia.com.br\/website\/wp-json\/wp\/v2\/media\/1063"}],"wp:attachment":[{"href":"https:\/\/bunkerengenharia.com.br\/website\/wp-json\/wp\/v2\/media?parent=1060"}],"curies":[{"name":"wp","href":"https:\/\/api.w.org\/{rel}","templated":true}]}}