{"id":693,"date":"2016-12-13T10:35:42","date_gmt":"2016-12-13T12:35:42","guid":{"rendered":"http:\/\/bunkerengenharia.com.br\/us\/?page_id=693"},"modified":"2017-02-17T11:38:23","modified_gmt":"2017-02-17T13:38:23","slug":"food-sector","status":"publish","type":"page","link":"https:\/\/bunkerengenharia.com.br\/us\/areas-of-expertise\/food-sector\/","title":{"rendered":"Food Sector"},"content":{"rendered":"[mk_page_section][vc_column][vc_row_inner][vc_column_inner width=&#8221;1\/3&#8243;][mk_image src=&#8221;http:\/\/bunkerengenharia.com.br\/us\/wp-content\/uploads\/2016\/05\/alimenticia.jpg&#8221; image_size=&#8221;full&#8221; align=&#8221;center&#8221; el_class=&#8221;material1&#8243;][\/vc_column_inner][vc_column_inner width=&#8221;2\/3&#8243;][vc_column_text]The sector in perspective: From the extraction, planting, processing, etc., the food and beverage sector is the largest employer in the Brazilian territory &#8211; 20% of the total workers, according to the study Brazil Food Trends 2020 published by the Federation of Industries Of the State of S\u00e3o Paulo (FIESP) and the Institute of Food Technology (ITAL).<\/p>\n<p>The factories are concerned with both Corrosion and the asepsis of their process, that is, nothing can contaminate their products. Some Equipment That Is Protected And\/Or Recovered By Bunker Anticorrosive Engineering:[\/vc_column_text][mk_custom_list]\n<ul>\n<li><strong>Tanks,<\/strong><\/li>\n<li><strong>Containment Dikes,<\/strong><\/li>\n<li><strong>Pipes,<\/strong><\/li>\n<li><strong>Mixers,<\/strong><\/li>\n<li><strong>Gutters,<\/strong><\/li>\n<li><strong>Anti-Acid Ceramics,<\/strong><\/li>\n<li><strong>Epoxies Flooring with Deck-Over Skirting<\/strong><\/li>\n<li><strong>ETSs and Others.<\/strong><\/li>\n<\/ul>\n[\/mk_custom_list][vc_column_text]<!-- Widget Shortcode --><div id=\"text-2\" class=\"widget widget_text\">\t\t\t<div class=\"textwidget\"><script   src=\"https:\/\/code.jquery.com\/jquery-2.2.4.min.js\"   integrity=\"sha256-BbhdlvQf\/xTY9gja0Dq3HiwQF8LaCRTXxZKRutelT44=\"   crossorigin=\"anonymous\"><\/script>\n<!-- Latest compiled and minified JavaScript -->\n<script src=\"https:\/\/maxcdn.bootstrapcdn.com\/bootstrap\/3.3.6\/js\/bootstrap.min.js\" integrity=\"sha384-0mSbJDEHialfmuBBQP6A4Qrprq5OVfW37PRR3j5ELqxss1yVqOtnepnHVP9aJ7xS\" crossorigin=\"anonymous\"><\/script>\n<link rel=\"stylesheet\" href=\"https:\/\/maxcdn.bootstrapcdn.com\/font-awesome\/4.6.3\/css\/font-awesome.min.css\">\n<link rel=\"stylesheet\" href=\"\/website\/bootstrap.css\">\n<style>\n\t.botaoProdutoHolder{\n\t\tpadding: 20px;\n\t\tbackground-image: url('http:\/\/brandaxs.com.br\/bunker\/wp-content\/uploads\/2016\/06\/bunker-orcamento-bg.jpg');\n\t\tbackground-size: cover;\n\t\twidth: 100% !important;\n\t\tborder-radius: 2px;\n\t\tbox-shadow: 0 1px 3px rgba(0,0,0,0.12), 0 1px 2px rgba(0,0,0,0.24);\n\t}\n\t\n\t.botaoProdutoHolder p, .botaoProdutoHolder h3{\n\t\tcolor: white !important;\n\t}\n\t.botaoProduto{\n\t\tpadding: 10px 20px;\n\t\tborder-radius: 3px;\n\t\tbackground-color: rgba(255,75,75,1);\n\t\tcolor: #FFF;\n\t\tfont-weight: 900;\n\t\ttext-transform: uppercase;\n\t\ttransition: all 0.3s cubic-bezier(.25,.8,.25,1);\n\t\tbox-shadow: 0 1px 3px rgba(0,0,0,0.12), 0 1px 2px rgba(0,0,0,0.24);\n\t}\n\t.botaoProduto:hover{\n\t\tcursor: pointer;\n\t\ttransition: all 0.3s cubic-bezier(.25,.8,.25,1);\n\t\tbox-shadow: 0 10px 20px rgba(0,0,0,0.19), 0 6px 6px rgba(0,0,0,0.23);\n\t}\n\t\n\t.whatsapp{\n\t\t\/* Permalink - use to edit and share this gradient: http:\/\/colorzilla.com\/gradient-editor\/#1c254a+0,394b96+100 *\/\n\t\tbackground: #1c254a; \/* Old browsers *\/\n\t\tbackground: -moz-linear-gradient(45deg, #1c254a 0%, #394b96 100%); \/* FF3.6-15 *\/\n\t\tbackground: -webkit-linear-gradient(45deg, #1c254a 0%,#394b96 100%); \/* Chrome10-25,Safari5.1-6 *\/\n\t\tbackground: linear-gradient(45deg, #1c254a 0%,#394b96 100%); \/* W3C, IE10+, FF16+, Chrome26+, Opera12+, Safari7+ *\/\n\t\tfilter: progid:DXImageTransform.Microsoft.gradient( startColorstr='#1c254a', endColorstr='#394b96',GradientType=1 ); \/* IE6-9 fallback on horizontal gradient *\/\n\t\tbox-shadow: 0 3px 6px rgba(0,0,0,0.16), 0 3px 6px rgba(0,0,0,0.23);\n\t\twidth: 100%;\n\t\tmargin-top: 2rem;\n\t}\n\n\t.whatsapp h4, .whatsapp h5, .whatsapp h6, .whatsapp p {\n\t\tcolor: #fff !important;\n\t}\n\n\t.contato input, .contato textarea, #enviarCta{\n\t\ttransition: all 0.3s cubic-bezier(.25,.8,.25,1);\n\t\tbox-shadow: 0 1px 3px rgba(0,0,0,0.12), 0 1px 2px rgba(0,0,0,0.24);\n\t}\n\t.contato input:hover, .contato textarea:hover,\n\t.contato input:focus, .contato textarea:focus,\n\t#enviarCta:hover{\n\t\ttransition: all 0.3s cubic-bezier(.25,.8,.25,1);\n\t\tbox-shadow: 0 10px 20px rgba(0,0,0,0.19), 0 6px 6px rgba(0,0,0,0.23);\n\t}\n<\/style>\n\t\t\t\n<div>\n<!--<div class=\"botaoProdutoHolder\">-->\n<!--\n\t<h3 style=\"margin-top: 0px; font-family: Oswald; text-weight: 900;\">Pe\u00e7a um or\u00e7amento<\/h3>\n\t<p>\n\t\tTemos a melhor solu\u00e7\u00e3o para voc\u00ea e sua empresa.\n\t<\/p>\n-->\n\t<div style=\"padding: 10px;\"><\/div>\n\t<div class=\"text-right\">\n\t\t<span class=\"botaoProduto\" id=\"botaoCta\">\n\t\t\t<i class=\"fa fa-envelope\" style=\"padding-right: 20px\"><\/i> Request for Quote\n\t\t<\/span>\n\t<\/div>\n<\/div>\n\n<div class=\"whatsapp row col-sm-4\" style=\"box-shadow: 0 10px 20px rgba(0,0,0,0.19), 0 6px 6px rgba(0,0,0,0.23);\">\n\t<div style=\"padding: 15px; color: white;\">\n\t\t<button type=\"button\" class=\"close visible-xs\" data-dismiss=\"modal\" aria-label=\"Close\"><span aria-hidden=\"true\" style=\"color: white\">&times;<\/span><\/button>\n\t\t<h5 style=\"text-transform: uppercase; font-weight: 900;\" class=\"modal-title\" id=\"myModalLabel\">Quote request<\/h5>\n\t\t<hr style=\"border-bottom: 1px solid white; opacity: 0.25\">\n\t\t<h4 style=\"font-weight: 300;\">BUNKER ANTICORROSIVE ENGINEERING<\/h4>\n\t\t<div style=\"padding: 10px;\"><\/div>\n\t\t<h4>Contact:<\/h4>\n\t\t\t<h5><i class=\"fa fa-phone\" style=\"padding-right: 10px;\"><\/i> <b>+55 (47) 3029-1036<\/b><\/h5>\n\t\t\t<h5><i class=\"fa fa-phone\" style=\"padding-right: 10px;\"><\/i> <b>+55 (47) 3029-1037<\/b><\/h5>\n\t\t\t<h6><i class=\"fa fa-envelope-o\" style=\"padding-right: 5px;\"><\/i> contato@bunkerengenharia.com.br<\/h6>\n\t<\/div>\t\t\t\t\n<\/div>\n\n<div class=\"modal fade\" id=\"modalCta\" tabindex=\"-1\" role=\"dialog\" aria-labelledby=\"myModalLabel\">\n\t<div class=\"modal-dialog modal-lg\" role=\"document\">\n\t\t<div>\n\t\t\t<div class=\"modal-body\" style=\"padding-top: 0px;\">\n\t\t\t\t\n\t\t\t\t<div class=\"\" style=\"background-color: #e2e2e2;padding:10px;border-radius:10px;\">\n\t\t\t\t\t<div style=\"padding: 5px;\"><\/div>\n\t\t\t\t\t<button type=\"button\" class=\"close hidden-xs\" data-dismiss=\"modal\" aria-label=\"Close\" style=\"opacity:1 !important;\"><span aria-hidden=\"true\" style=\"color: #555759;opacity:1 !important;\">&times;<\/span><\/button>\n\t\t\t\t\t\n\t\t\t\t\t<h3><i class=\"fa fa-comments\" style=\"padding-right: 5px;\"><\/i> Quote request<\/h3>\n\t\t\t\t\t<p class=\"opacidade80\">\n\t\t\t\t\t\tFill out the form and our team will contact you.\n\t\t\t\t\t<\/p>\n\t\t\t\t\t<div class=\"paddingDivider\"><\/div>\n\t\t\t\t\t<div class=\"text-center\">\n\n\t\t\t\t\t\t<script charset=\"utf-8\" type=\"text\/javascript\" src=\"\/\/js.hsforms.net\/forms\/embed\/v2.js\"><\/script>\n\t\t\t\t\t\t<script>\n\t\t\t\t\t\tconsole.log('Iniciando embed do HubSpot');\n\t\t\t\t\t\thbspt.forms.create({\n\t\t\t\t\t\t\tregion: \"na1\",\n\t\t\t\t\t\t\tportalId: \"43982796\",\n\t\t\t\t\t\t\tformId: \"9143fb37-6725-4134-a8ad-f4b2211dae01\",\n\t\t\t\t\t\t\tonFormReady: function($form) { console.log('Form pronto:', $form); }\n\t\t\t\t\t\t});\n\t\t\t\t\t\twindow.addEventListener('message', function(event) {\n\t\t\t\t\t\t\tconsole.log('Mensagem recebida do iframe:', event);\n\t\t\t\t\t\t\tif (event.data && event.data.type === 'hsFormCallback') {\n\t\t\t\t\t\t\tconsole.log('Tipo hsFormCallback detectado:', event.data);\n\t\t\t\t\t\t\tif (event.data.eventName === 'onFormSubmitted') {\n\t\t\t\t\t\t\tconst payload = event.data.data;\n\t\t\t\t\t\t\tconsole.log('Payload recebido:', payload);\n\t\t\t\t\t\t\tif (payload && payload.submissionValues) {\n\t\t\t\t\t\t\t\tconst d = {};\n\t\t\t\t\t\t\t\tconsole.log('Objeto final de dados:', d);\n\t\t\t\t\t\t\t\tfetch('\/wp-json\/rdcrm\/v1\/lead', {\n\t\t\t\t\t\t\t\t\tmethod: 'POST',\n\t\t\t\t\t\t\t\t\theaders: {'Content-Type':'application\/json'},\n\t\t\t\t\t\t\t\t\tbody: JSON.stringify({\n\t\t\t\t\t\t\t\t\t\tnome: payload.submissionValues.firstname||'',\n\t\t\t\t\t\t\t\t\t\temail: payload.submissionValues.email||'',\n\t\t\t\t\t\t\t\t\t\ttelefone: payload.submissionValues.phone||'',\n\t\t\t\t\t\t\t\t\t\tempresa: payload.submissionValues.company||'',\n\t\t\t\t\t\t\t\t\t\tmensagem: payload.submissionValues.message||''\n\t\t\t\t\t\t\t\t\t})\n\t\t\t\t\t\t\t\t}).then(r => r.json())\n\t\t\t\t\t\t\t\t\t.then(r => console.log('Lead enviado RD CRM:', r))\n\t\t\t\t\t\t\t\t\t.catch(e => console.error('Erro ao enviar lead RD CRM:', e));\n\t\t\t\t\t\t\t\twindow.open('https:\/\/wa.me\/5547992276987?text=' + encodeURIComponent('Hello! I just filled out the quote request form on Bunker Anticorrosive Engineering\\'s website. I\\'d like more information.'), '_blank');\n\t\t\t\t\t\t\t}} else {\n\t\t\t\t\t\t\t\tconsole.warn('Payload sem fields', payload);\n\t\t\t\t\t\t\t}\n\t\t\t\t\t\t\t}\n\t\t\t\t\t\t});\n\t\t\t\t\t\t<\/script>\n\n\t\t\t\t\t\t<!-- <form action=\"https:\/\/bunkerengenharia.com.br\/us\/leadCta.php\" method=\"post\" id=\"formCtaModal\">\n\t\t\t\t\t\t\t\n\t\t\t\t\t\t\t<fieldset class=\"contato\">\n\t\t\t\t\t\t\t\t<div class=\"text-center\">\n\t\t\t\t\t\t\t\t\t<br>\n\t\t\t\t\t\t\t\t\t<input type=\"text\" data-toggle=\"tooltip\" data-placement=\"top\" title=\"Full name\" autofocus autocomplete=\"on\" name=\"nome\" id=\"nomeCta\" placeholder=\"Full name*\" class=\"form-control\" required>\n\t\t\t\t\t\t\t\t<\/div>\n\t\t\t\t\t\t\t\t<div class=\"\">\n\t\t\t\t\t\t\t\t\t<br>\n\t\t\t\t\t\t\t\t\t<input type=\"email\" data-toggle=\"tooltip\" data-placement=\"top\" title=\"Email\" autocomplete=\"on\" name=\"email\" id=\"emailCta\" placeholder=\"E-mail*\" class=\"form-control\" required>\n\t\t\t\t\t\t\t\t<\/div>\n\t\t\t\t\t\t\t\t<div class=\"\">\n\t\t\t\t\t\t\t\t\t<br>\n\t\t\t\t\t\t\t\t\t<input type=\"tel\" data-toggle=\"tooltip\" data-placement=\"top\" title=\"Phone number\" autocomplete=\"on\" name=\"tel\" id=\"telCta\" placeholder=\"Phone number*\" class=\"form-control\" required>\n\t\t\t\t\t\t\t\t<\/div>\n\t\t\t\t\t\t\t\t<div>\n\t\t\t\t\t\t\t\t\t<input type=\"hidden\" name=\"pagina\" value=\"\" \/>\n\t\t\t\t\t\t\t\t<\/div>\n\t\t\t\t\t\t\t\t<div>\n\t\t\t\t\t\t\t\t\t<br>\n\t\t\t\t\t\t\t\t\t<textarea data-toggle=\"tooltip\" data-placement=\"top\" title=\"Su mensaje\" id=\"mensagem\" name=\"mensagem\" class=\"form-control\" placeholder=\"Your message:\" required><\/textarea>\n\t\t\t\t\t\t\t\t\t\n\t\t\t\t\t\t\t\t\t<input type=\"hidden\" name=\"aposEnviar\" value=\"https:\/\/bunkerengenharia.com.br\/us\/thankyou\">\n\t\t\t\t\t\t\t\t\t\n\t\t\t\t\t\t\t\t<\/div>\n\t\t\t\t\t\t\t<\/fieldset>\n\t\t\t\t\t\t\t<div class=\"text-center\">\n\t\t\t\t\t\t\t\t<div class=\"paddingDivider\"><\/div>\n\t\t\t\t\t\t\t\t<div class=\"detalhesForm opacidade80\">\n\t\t\t\t\t\t\t\t\t<i class=\"fa fa-lock\"><\/i> Your information is safe with us.\n\t\t\t\t\t\t\t\t\t<br>\n\t\t\t\t\t\t\t\t<\/div>\n\t\t\t\t\t\t\t<\/div>\n\n\t\t\t\t\t<\/div>\n\n\t\t\t\t\t<div class=\"text-center\">\n\t\t\t\t\t\t<div class=\"\">\n\t\t\t\t\t\t\t<br>\n\t\t\t\t\t\t\t<button type=\"submit\" id=\"enviarCta\" class=\"btn btn-lg btn-danger\" onClick='valida()'><i style=\"padding-right: 15px;\" class=\"fa fa-check\"><\/i> <b>Submit<\/b><\/button>\n\t\t\t\t\t\t\t<div class=\"centro\" id=\"enviandoCta\" style=\"display: none;\">\n\t\t\t\t\t\t\t\tSubmit\n\t\t\t\t\t\t\t<\/div>\n\t\t\t\t\t\t<\/div>\n\t\t\t\t\t\t<div class=\"\" style=\"padding: 20px;\"><\/div>\n\t\t\t\t\t<\/div>\n\t\t\t\t\t<\/form> -->\n\n\t\t\t\t<\/div>\n\t\t\t<\/div>\n\n\n\n\n\t\t<\/div>\n\t<\/div>\n<\/div>\n\n\n\n<script>\n\t\/\/valida\u00e7\u00e3o do formul\u00e1rio\n\t\n\t$('#botaoCta').click(function(){\n\t\t\t$('#modalCta').appendTo(\"body\").modal('show');\n\t\t});\n\n\tfunction valida() {\n\t\tif ($(\"#nomeCta\").val() == \"\") {\n\t\t\t$('#nomeCta').tooltip({\n\t\t\t\ttrigger: 'focus'\n\t\t\t}).tooltip('show');\n\t\t\tevent.preventDefault();\n\t\t}\n\n\n\n\t\tif ($(\"#emailCta\").val() == \"\") {\n\t\t\t$('#emailCta').tooltip({\n\t\t\t\ttrigger: 'focus'\n\t\t\t}).tooltip('show');\n\t\t\tevent.preventDefault();\n\t\t}\n\n\n\n\t\tif ($(\"#telCta\").val() == \"\") {\n\t\t\t$('#telCta').tooltip({\n\t\t\t\ttrigger: 'focus'\n\t\t\t}).tooltip('show');\n\t\t\tevent.preventDefault();\n\t\t} else {\n\t\t\t\/\/alert(\"funcionando\");\n\t\t\t$(\"#formCtaModal\").submit();\n\t\t\t$(\"#enviarCta\").css(\"display\", \"none\");\n\t\t\t$(\"#enviandoCta\").css(\"display\", \"block\");\n\t\t}\n\t}\n\n<\/script><\/div>\n\t\t<\/div><!-- \/Widget Shortcode -->[\/vc_column_text][\/vc_column_inner][\/vc_row_inner][\/vc_column][\/mk_page_section][mk_page_section][vc_column][mk_fancy_title size=&#8221;50&#8243; font_family=&#8221;none&#8221; align=&#8221;center&#8221;]Gallery &#8211; Food Sector[\/mk_fancy_title][mk_gallery images=&#8221;272,265,264,263&#8243; column=&#8221;5&#8243; height=&#8221;200&#8243;][\/vc_column][\/mk_page_section]\n","protected":false},"excerpt":{"rendered":"<p>[mk_page_section][vc_column][vc_row_inner][vc_column_inner width=&#8221;1\/3&#8243;][mk_image src=&#8221;http:\/\/bunkerengenharia.com.br\/us\/wp-content\/uploads\/2016\/05\/alimenticia.jpg&#8221; image_size=&#8221;full&#8221; align=&#8221;center&#8221; el_class=&#8221;material1&#8243;][\/vc_column_inner][vc_column_inner width=&#8221;2\/3&#8243;][vc_column_text]The sector in perspective: From the extraction, planting, processing, etc., the food and beverage sector is the largest employer in the Brazilian territory &#8211; 20% of the total workers, according to the study Brazil Food Trends 2020 published by the Federation of Industries Of the State of S\u00e3o Paulo [&hellip;]<\/p>\n","protected":false},"author":1,"featured_media":0,"parent":110,"menu_order":0,"comment_status":"closed","ping_status":"closed","template":"","meta":[],"_links":{"self":[{"href":"https:\/\/bunkerengenharia.com.br\/us\/wp-json\/wp\/v2\/pages\/693"}],"collection":[{"href":"https:\/\/bunkerengenharia.com.br\/us\/wp-json\/wp\/v2\/pages"}],"about":[{"href":"https:\/\/bunkerengenharia.com.br\/us\/wp-json\/wp\/v2\/types\/page"}],"author":[{"embeddable":true,"href":"https:\/\/bunkerengenharia.com.br\/us\/wp-json\/wp\/v2\/users\/1"}],"replies":[{"embeddable":true,"href":"https:\/\/bunkerengenharia.com.br\/us\/wp-json\/wp\/v2\/comments?post=693"}],"version-history":[{"count":3,"href":"https:\/\/bunkerengenharia.com.br\/us\/wp-json\/wp\/v2\/pages\/693\/revisions"}],"predecessor-version":[{"id":720,"href":"https:\/\/bunkerengenharia.com.br\/us\/wp-json\/wp\/v2\/pages\/693\/revisions\/720"}],"up":[{"embeddable":true,"href":"https:\/\/bunkerengenharia.com.br\/us\/wp-json\/wp\/v2\/pages\/110"}],"wp:attachment":[{"href":"https:\/\/bunkerengenharia.com.br\/us\/wp-json\/wp\/v2\/media?parent=693"}],"curies":[{"name":"wp","href":"https:\/\/api.w.org\/{rel}","templated":true}]}}