{"id":5,"date":"2016-05-03T11:28:32","date_gmt":"2016-05-03T14:28:32","guid":{"rendered":"http:\/\/bunkerengenharia.com.br\/es\/?page_id=5"},"modified":"2023-04-04T23:56:31","modified_gmt":"2023-04-05T02:56:31","slug":"home","status":"publish","type":"page","link":"https:\/\/bunkerengenharia.com.br\/es\/","title":{"rendered":"Home"},"content":{"rendered":"[mk_page_section full_width=&#8221;true&#8221; js_vertical_centered=&#8221;true&#8221; padding_top=&#8221;0&#8243; top_shape_color=&#8221;#ffffff&#8221; bottom_shape_color=&#8221;#ffffff&#8221; sidebar=&#8221;sidebar-1&#8243;][vc_column][mk_edge_slider first_el=&#8221;true&#8221; swiper_bg=&#8221;#000000&#8243; order=&#8221;ASC&#8221; full_height=&#8221;false&#8221; height=&#8221;550&#8243; direction_nav=&#8221;slit&#8221; pagination=&#8221;none&#8221; skip_arrow=&#8221;false&#8221;][\/vc_column][\/mk_page_section][mk_page_section][vc_column][mk_padding_divider][vc_row_inner][vc_column_inner width=&#8221;1\/2&#8243;][mk_custom_box][mk_fancy_title size=&#8221;50&#8243; font_weight=&#8221;bolder&#8221; txt_transform=&#8221;uppercase&#8221; font_family=&#8221;none&#8221;]ACERDA DE BUNKER[\/mk_fancy_title][vc_column_text]LA <b>BUNKER INGENIERIA ANTICORROSIVA<\/b>, actua en todo el territorio nacional y en los pa\u00edses de Mercosul realizando Servicios de impermeabilizaci\u00f3n y recubrimientos Anticorrosivos en la Construcci\u00f3n Civ\u00edl o Mec\u00e1nica, comprometiendose a combatir la corrosi\u00f3n con efic\u00e1cia y con seriedad, utilizando tecnologia avanzada y mano de obra pr\u00f3pria capacitada, que ofrece numerosas soluciones.<\/p>\n<p>Contando con gran prestigio y vasto acervo t\u00e9cnico en industrias qu\u00edmicas, papel y celulosa, fertilizantes, cloro-soda, siderurgia, miner\u00eda, petr\u00f3leo y gas, en las cuales sus profesionales con m\u00e1s de 25 a\u00f1os de experiencia desarrollan soluciones innovadoras, garantizando la longevidad de las l\u00edneas industriales.[\/vc_column_text][mk_button dimension=&#8221;outline&#8221; corner_style=&#8221;rounded&#8221; icon=&#8221;mk-icon-chevron-right&#8221; icon_anim=&#8221;side&#8221; url=&#8221;empresa\/&#8221; outline_skin=&#8221;custom&#8221; outline_active_color=&#8221;rgba(94,94,94,0.69)&#8221; outline_active_text_color=&#8221;#3d3d3d&#8221; outline_hover_bg_color=&#8221;#6d6d6d&#8221; outline_hover_color=&#8221;#ffffff&#8221;]Sepa m\u00e1s[\/mk_button][\/mk_custom_box][\/vc_column_inner][vc_column_inner width=&#8221;1\/2&#8243;][mk_custom_box corner_radius=&#8221;2&#8243; animation=&#8221;bottom-to-top&#8221; el_class=&#8221;material2&#8243; bg_color=&#8221;#426c99&#8243; background_hov_color_style=&#8221;image&#8221; bg_stretch=&#8221;true&#8221;][mk_font_icons icon=&#8221;mk-icon-certificate&#8221; color=&#8221;#ffffff&#8221; size=&#8221;large&#8221; el_class=&#8221;certificacaoHome&#8221;][mk_fancy_title color=&#8221;#ffffff&#8221; size=&#8221;18&#8243; font_weight=&#8221;bolder&#8221; txt_transform=&#8221;uppercase&#8221; margin_bottom=&#8221;0&#8243; font_family=&#8221;none&#8221;]CERTIFICACIONES[\/mk_fancy_title][vc_column_text]\n<p style=\"color: #ffd500;\"><strong>CRCC\/EMPRESA REGISTRADA<\/strong><\/p>\n<p style=\"color: #fff;\">Empresa certificada y regularmente inscrita en el registro de fornecedores de materiales y\/o servicios de la PETROBRAS.<\/p>\n[\/vc_column_text][mk_button dimension=&#8221;outline&#8221; corner_style=&#8221;rounded&#8221; icon=&#8221;mk-icon-file-pdf-o&#8221; icon_anim=&#8221;side&#8221; url=&#8221;http:\/\/bunkerengenharia.com.br\/es\/wp-content\/uploads\/2016\/11\/CRCC-Validade-31-03-2017.pdf&#8221; target=&#8221;_blank&#8221; align=&#8221;center&#8221; outline_skin=&#8221;light&#8221;]Sepa m\u00e1s[\/mk_button][vc_column_text]\n<p style=\"color: #ffd500;\"><strong>CERTIFICADOS ISO<\/strong><\/p>\n<p style=\"color: #fff;\">Empresa certificada por los sistemas de Gesti\u00f3n de Calidad ISO 9001, Gesti\u00f3n Ambiental ISO 14001 e Gesti\u00f3n de Seguridad y Salud en el Trabajo ISO 45001.<\/p>\n[\/vc_column_text][mk_button dimension=&#8221;outline&#8221; corner_style=&#8221;rounded&#8221; icon=&#8221;mk-icon-file-pdf-o&#8221; icon_anim=&#8221;side&#8221; url=&#8221;http:\/\/bunkerengenharia.com.br\/us\/wp-content\/uploads\/2023\/04\/Certificado-ISO9001-ing.pdf&#8221; target=&#8221;_blank&#8221; align=&#8221;center&#8221; outline_skin=&#8221;light&#8221;]ISO 9001[\/mk_button][mk_button dimension=&#8221;outline&#8221; corner_style=&#8221;rounded&#8221; icon=&#8221;mk-icon-file-pdf-o&#8221; icon_anim=&#8221;side&#8221; url=&#8221;http:\/\/bunkerengenharia.com.br\/us\/wp-content\/uploads\/2023\/04\/Certificado-ISO14001-ing.pdf&#8221; target=&#8221;_blank&#8221; align=&#8221;center&#8221; outline_skin=&#8221;light&#8221;]ISO 14001[\/mk_button][mk_button dimension=&#8221;outline&#8221; corner_style=&#8221;rounded&#8221; icon=&#8221;mk-icon-file-pdf-o&#8221; icon_anim=&#8221;side&#8221; url=&#8221;http:\/\/bunkerengenharia.com.br\/us\/wp-content\/uploads\/2023\/04\/Certificado-ISO45001-ing.pdf&#8221; target=&#8221;_blank&#8221; align=&#8221;center&#8221; outline_skin=&#8221;light&#8221;]ISO 45001[\/mk_button][\/mk_custom_box][\/vc_column_inner][\/vc_row_inner][\/vc_column][\/mk_page_section][mk_page_section][vc_column][mk_padding_divider][mk_padding_divider][vc_row_inner][vc_column_inner width=&#8221;1\/3&#8243;][mk_custom_box el_class=&#8221;material1&#8243; bg_color=&#8221;#f2f2f2&#8243;][mk_fancy_title size=&#8221;18&#8243; font_weight=&#8221;bolder&#8221; txt_transform=&#8221;uppercase&#8221; margin_bottom=&#8221;0&#8243; font_family=&#8221;none&#8221;]NUESTROS SERVICIOS[\/mk_fancy_title][vc_column_text]Contando con un gran prestigio y vasta experiencia t\u00e9cnica en industrias qu\u00edmicas, papel y celulosa, fertilizantes, cloro sosa, acer\u00eda, miner\u00eda, petr\u00f3leo y gas, en las cuales sus profesionales con m\u00e1s de 25 a\u00f1os de experiencia desarrollan soluciones inovadoras, garantizando la longevidad de las l\u00edneas industriales.[\/vc_column_text][\/mk_custom_box][\/vc_column_inner][vc_column_inner width=&#8221;1\/3&#8243;][mk_image src=&#8221;http:\/\/bunkerengenharia.com.br\/es\/wp-content\/uploads\/2016\/05\/E.jpg&#8221; el_class=&#8221;material1&#8243;][mk_fancy_title size=&#8221;18&#8243; font_weight=&#8221;bolder&#8221; txt_transform=&#8221;uppercase&#8221; margin_bottom=&#8221;0&#8243; font_family=&#8221;none&#8221;]\u00c1REAS DE ACTUACI\u00d3N[\/mk_fancy_title][mk_custom_list]\n<ul>\n<li>Az\u00facar y alcohol<\/li>\n<li>Automotor<\/li>\n<li>Cloro y sosa<\/li>\n<\/ul>\n[\/mk_custom_list][mk_button url=&#8221;http:\/\/bunkerengenharia.com.br\/es\/areas-de-actuacion\/&#8221;]Sepa m\u00e1s&#8230;[\/mk_button][\/vc_column_inner][vc_column_inner width=&#8221;1\/3&#8243;][mk_image src=&#8221;http:\/\/bunkerengenharia.com.br\/es\/wp-content\/uploads\/2016\/05\/2.jpg&#8221; el_class=&#8221;material1&#8243;][mk_fancy_title size=&#8221;18&#8243; font_weight=&#8221;bolder&#8221; txt_transform=&#8221;uppercase&#8221; margin_bottom=&#8221;0&#8243; font_family=&#8221;none&#8221;]SOLUCI\u00d3N Y SISTEMAS[\/mk_fancy_title][mk_custom_list]\n<ul>\n<li>Autonivelante<\/li>\n<li>Caucho &#8211; Ebonite<\/li>\n<li>Baldosas de cer\u00e1mica y ladrillos<\/li>\n<\/ul>\n[\/mk_custom_list][mk_button url=&#8221;http:\/\/bunkerengenharia.com.br\/es\/solucion-y-sistemas\/&#8221;]Vea m\u00e1s&#8230;[\/mk_button][\/vc_column_inner][\/vc_row_inner][\/vc_column][\/mk_page_section][vc_row][vc_column][vc_raw_js]JTNDc2NyaXB0JTNFJTBBJTI0JTI4JTIwZG9jdW1lbnQlMjAlMjkucmVhZHklMjhmdW5jdGlvbiUyOCUyOSUyMCU3QiUwQSUyNCUyOCUyNyUyM21rLWJ1dHRvbi00JTI3JTI5LmNsaWNrJTI4ZnVuY3Rpb24lMjglMjklN0IlMEElMkYlMkZhbGVydCUyOCUyN2FzZGFzZCUyNyUyOSUzQiUwQSUyNCUyOCUyNyUyM21vZGFsQ3RhRm9vdGVyJTI3JTI5LmFwcGVuZFRvJTI4JTIyYm9keSUyMiUyOS5tb2RhbCUyOCUyN3Nob3clMjclMjklM0IlMEElN0QlMjklM0IlMEElN0QlMjklM0IlMEElM0MlMkZzY3JpcHQlM0U=[\/vc_raw_js][\/vc_column][\/vc_row]\n","protected":false},"excerpt":{"rendered":"<p>[mk_page_section full_width=&#8221;true&#8221; js_vertical_centered=&#8221;true&#8221; padding_top=&#8221;0&#8243; top_shape_color=&#8221;#ffffff&#8221; bottom_shape_color=&#8221;#ffffff&#8221; sidebar=&#8221;sidebar-1&#8243;][vc_column][mk_edge_slider first_el=&#8221;true&#8221; swiper_bg=&#8221;#000000&#8243; order=&#8221;ASC&#8221; full_height=&#8221;false&#8221; height=&#8221;550&#8243; direction_nav=&#8221;slit&#8221; pagination=&#8221;none&#8221; skip_arrow=&#8221;false&#8221;][\/vc_column][\/mk_page_section][mk_page_section][vc_column][mk_padding_divider][vc_row_inner][vc_column_inner width=&#8221;1\/2&#8243;][mk_custom_box][mk_fancy_title size=&#8221;50&#8243; font_weight=&#8221;bolder&#8221; txt_transform=&#8221;uppercase&#8221; font_family=&#8221;none&#8221;]ACERDA DE BUNKER[\/mk_fancy_title][vc_column_text]LA BUNKER INGENIERIA ANTICORROSIVA, actua en todo el territorio nacional y en los pa\u00edses de Mercosul realizando Servicios de impermeabilizaci\u00f3n y recubrimientos Anticorrosivos en la Construcci\u00f3n Civ\u00edl o Mec\u00e1nica, comprometiendose a combatir la corrosi\u00f3n [&hellip;]<\/p>\n","protected":false},"author":1,"featured_media":0,"parent":0,"menu_order":0,"comment_status":"closed","ping_status":"closed","template":"","meta":[],"_links":{"self":[{"href":"https:\/\/bunkerengenharia.com.br\/es\/wp-json\/wp\/v2\/pages\/5"}],"collection":[{"href":"https:\/\/bunkerengenharia.com.br\/es\/wp-json\/wp\/v2\/pages"}],"about":[{"href":"https:\/\/bunkerengenharia.com.br\/es\/wp-json\/wp\/v2\/types\/page"}],"author":[{"embeddable":true,"href":"https:\/\/bunkerengenharia.com.br\/es\/wp-json\/wp\/v2\/users\/1"}],"replies":[{"embeddable":true,"href":"https:\/\/bunkerengenharia.com.br\/es\/wp-json\/wp\/v2\/comments?post=5"}],"version-history":[{"count":74,"href":"https:\/\/bunkerengenharia.com.br\/es\/wp-json\/wp\/v2\/pages\/5\/revisions"}],"predecessor-version":[{"id":823,"href":"https:\/\/bunkerengenharia.com.br\/es\/wp-json\/wp\/v2\/pages\/5\/revisions\/823"}],"wp:attachment":[{"href":"https:\/\/bunkerengenharia.com.br\/es\/wp-json\/wp\/v2\/media?parent=5"}],"curies":[{"name":"wp","href":"https:\/\/api.w.org\/{rel}","templated":true}]}}