{"id":22,"date":"2016-05-03T11:44:02","date_gmt":"2016-05-03T14:44:02","guid":{"rendered":"http:\/\/bunkerengenharia.com.br\/es\/?page_id=22"},"modified":"2017-02-16T14:20:58","modified_gmt":"2017-02-16T16:20:58","slug":"soluciones-y-sistemas","status":"publish","type":"page","link":"https:\/\/bunkerengenharia.com.br\/es\/soluciones-y-sistemas\/","title":{"rendered":"Soluciones y sistemas"},"content":{"rendered":"[mk_page_section][vc_column][vc_wp_text]<a class=\"itemPagina\" href=\"http:\/\/bunkerengenharia.com.br\/es\/soluciones-y-sistemas\/autonivelante\/autonivelante\/\"><br \/>\n<i class=\"fa fa-chevron-right\" style=\"padding-right: 10px;\"><\/i>Autonivelante<br \/>\n<\/a><\/p>\n<p><a class=\"itemPagina\" href=\"http:\/\/bunkerengenharia.com.br\/es\/soluciones-y-sistemas\/caucho-y-ebonita\/\"><br \/>\n<i class=\"fa fa-chevron-right\" style=\"padding-right: 10px;\"><\/i> Caucho &#8211; Ebonita<\/a><\/p>\n<p><a class=\"itemPagina\" href=\"http:\/\/bunkerengenharia.com.br\/es\/soluciones-y-sistemas\/baldosas-ceramicas-y-ladrillos\/\"><br \/>\n<i class=\"fa fa-chevron-right\" style=\"padding-right: 10px;\"><\/i>Baldosas de cer\u00e1mica y Ladrillos<br \/>\n<\/a><\/p>\n<p><a class=\"itemPagina\" href=\"http:\/\/bunkerengenharia.com.br\/es\/soluciones-y-sistemas\/recubrimientos-espatulados\/\"><br \/>\n<i class=\"fa fa-chevron-right\" style=\"padding-right: 10px;\"><\/i>Recubrimientos Espatulados<br \/>\n<\/a><\/p>\n<p><a class=\"itemPagina\" href=\"http:\/\/bunkerengenharia.com.br\/es\/soluciones-y-sistemas\/recubrimientos-reforzados\/\"><br \/>\n<i class=\"fa fa-chevron-right\" style=\"padding-right: 10px;\"><\/i>Recubrimientos Reforzados<br \/>\n<\/a><\/p>\n<p><a class=\"itemPagina\" href=\"http:\/\/bunkerengenharia.com.br\/es\/soluciones-y-sistemas\/sistemas-de-laminado-sintetico\/\"><br \/>\n<i class=\"fa fa-chevron-right\" style=\"padding-right: 10px;\"><\/i>Sistema de Laminado Sint\u00e9tico<br \/>\n<\/a><\/p>\n<p><a class=\"itemPagina\" href=\"http:\/\/bunkerengenharia.com.br\/es\/soluciones-y-sistemas\/sistema-de-espatulado-reforzado\/\"><br \/>\n<i class=\"fa fa-chevron-right\" style=\"padding-right: 10px;\"><\/i>Sistema de Espatulado Reforzado<br \/>\n<\/a><\/p>\n<p><a class=\"itemPagina\" href=\"http:\/\/bunkerengenharia.com.br\/es\/soluciones-y-sistemas\/sistema-de-fiberglass\/\"><br \/>\n<i class=\"fa fa-chevron-right\" style=\"padding-right: 10px;\"><\/i>Sistema fiberglass<br \/>\n<\/a><\/p>\n<p><a class=\"itemPagina\" href=\"http:\/\/bunkerengenharia.com.br\/es\/soluciones-y-sistemas\/sistema-fiberglass-reforzado\/\"><br \/>\n<i class=\"fa fa-chevron-right\" style=\"padding-right: 10px;\"><\/i>Sistema fiberglass reforzado<br \/>\n<\/a><\/p>\n<p><a class=\"itemPagina\" href=\"http:\/\/bunkerengenharia.com.br\/es\/soluciones-y-sistemas\/sistema-de-lamidado-com-alquitran-de-hulla\/\"><br \/>\n<i class=\"fa fa-chevron-right\" style=\"padding-right: 10px;\"><\/i>Sistema de Laminado con Alquitr\u00e1n de Hulla<br \/>\n<\/a><\/p>\n<p><a class=\"itemPagina\" href=\"http:\/\/bunkerengenharia.com.br\/es\/soluciones-y-sistemas\/otros\/\"><br \/>\n<i class=\"fa fa-chevron-right\" style=\"padding-right: 10px;\"><\/i>Otros<br \/>\n<\/a>[\/vc_wp_text][\/vc_column][\/mk_page_section]\n","protected":false},"excerpt":{"rendered":"<p>[mk_page_section][vc_column][vc_wp_text] Autonivelante Caucho &#8211; Ebonita Baldosas de cer\u00e1mica y Ladrillos Recubrimientos Espatulados Recubrimientos Reforzados Sistema de Laminado Sint\u00e9tico Sistema de Espatulado Reforzado Sistema fiberglass Sistema fiberglass reforzado Sistema de Laminado con Alquitr\u00e1n de Hulla Otros [\/vc_wp_text][\/vc_column][\/mk_page_section]<\/p>\n","protected":false},"author":1,"featured_media":0,"parent":0,"menu_order":0,"comment_status":"closed","ping_status":"closed","template":"","meta":[],"_links":{"self":[{"href":"https:\/\/bunkerengenharia.com.br\/es\/wp-json\/wp\/v2\/pages\/22"}],"collection":[{"href":"https:\/\/bunkerengenharia.com.br\/es\/wp-json\/wp\/v2\/pages"}],"about":[{"href":"https:\/\/bunkerengenharia.com.br\/es\/wp-json\/wp\/v2\/types\/page"}],"author":[{"embeddable":true,"href":"https:\/\/bunkerengenharia.com.br\/es\/wp-json\/wp\/v2\/users\/1"}],"replies":[{"embeddable":true,"href":"https:\/\/bunkerengenharia.com.br\/es\/wp-json\/wp\/v2\/comments?post=22"}],"version-history":[{"count":16,"href":"https:\/\/bunkerengenharia.com.br\/es\/wp-json\/wp\/v2\/pages\/22\/revisions"}],"predecessor-version":[{"id":749,"href":"https:\/\/bunkerengenharia.com.br\/es\/wp-json\/wp\/v2\/pages\/22\/revisions\/749"}],"wp:attachment":[{"href":"https:\/\/bunkerengenharia.com.br\/es\/wp-json\/wp\/v2\/media?parent=22"}],"curies":[{"name":"wp","href":"https:\/\/api.w.org\/{rel}","templated":true}]}}