{"id":18,"date":"2016-05-03T11:43:26","date_gmt":"2016-05-03T14:43:26","guid":{"rendered":"http:\/\/bunkerengenharia.com.br\/es\/?page_id=18"},"modified":"2024-11-12T10:51:30","modified_gmt":"2024-11-12T13:51:30","slug":"empresa","status":"publish","type":"page","link":"https:\/\/bunkerengenharia.com.br\/es\/empresa\/","title":{"rendered":"Empresa"},"content":{"rendered":"[mk_page_section attachment=&#8221;fixed&#8221; bg_position=&#8221;left bottom&#8221; bg_repeat=&#8221;no-repeat&#8221; bg_stretch=&#8221;true&#8221; enable_3d=&#8221;true&#8221; speed_factor=&#8221;1.4&#8243; bg_gradient=&#8221;vertical&#8221; video_color_mask=&#8221;rgba(0,0,0,0.01)&#8221; gr_end=&#8221;rgba(0,0,0,0.66)&#8221; video_opacity=&#8221;0&#8243; top_shadow=&#8221;true&#8221; full_width=&#8221;true&#8221; visibility=&#8221;visible-sm&#8221; sidebar=&#8221;sidebar-1&#8243;][vc_column][mk_image src=&#8221;http:\/\/bunkerengenharia.com.br\/website\/wp-content\/uploads\/2016\/05\/FotoFachada2.jpg&#8221; image_size=&#8221;full&#8221; el_class=&#8221;material1&#8243;][\/vc_column][\/mk_page_section][mk_page_section bg_image=&#8221;http:\/\/bunkerengenharia.com.br\/website\/wp-content\/uploads\/2016\/05\/FotoFachada2.jpg&#8221; attachment=&#8221;fixed&#8221; bg_position=&#8221;left bottom&#8221; bg_repeat=&#8221;no-repeat&#8221; bg_stretch=&#8221;true&#8221; enable_3d=&#8221;true&#8221; speed_factor=&#8221;1.4&#8243; bg_gradient=&#8221;vertical&#8221; video_color_mask=&#8221;rgba(0,0,0,0.01)&#8221; gr_end=&#8221;rgba(0,0,0,0.66)&#8221; video_opacity=&#8221;1&#8243; top_shadow=&#8221;true&#8221; min_height=&#8221;450&#8243; visibility=&#8221;hidden-sm&#8221; sidebar=&#8221;sidebar-1&#8243;][vc_column][mk_padding_divider size=&#8221;400&#8243;][mk_fancy_title color=&#8221;#ffffff&#8221; size=&#8221;50&#8243; font_weight=&#8221;900&#8243; font_family=&#8221;none&#8221;]LA EMPRESA[\/mk_fancy_title][\/vc_column][\/mk_page_section][mk_page_section][vc_column width=&#8221;2\/3&#8243;][mk_padding_divider][vc_column_text]<strong>BUNKER INGENIERIA ANTICORROSIVA<\/strong>, act\u00faa en todo el territorio nacional y en los pa\u00edses de Mercosur realizando Servicios de impermeabilizaci\u00f3n y revestimientos Anticorrosivos en la Construcci\u00f3n Civil o Mec\u00e1nica, comprometi\u00e9ndose a combatir la corrosi\u00f3n con eficacia y con seriedad, utilizando tecnolog\u00eda avanzada y mano de obra propia altamente capacitada, ofreciendo in\u00fameras soluciones, como:[\/vc_column_text][mk_custom_list]\n<ul>\n<li>FIBERGLASS \u2013 Pl\u00e1stico reforzado con fibras de vidrio \u2013 PRFV;<\/li>\n<li>Revestimientos Cer\u00e1micos con escamas de vidrio;<\/li>\n<li>Revestimiento Cer\u00e1mico y ladrillos anti\u00e1cidos;<\/li>\n<li>Pinturas Especiales;<\/li>\n<li>Rehabilitaci\u00f3n de tuber\u00edas y refuerzos estructurales;<\/li>\n<li>Pisos de alto rendimiento \u2013 espatulados y autonivelantes;<\/li>\n<li>Caucho \u2013 Ebonita y otros.<\/li>\n<\/ul>\n[\/mk_custom_list][vc_column_text]Contando con gran prestigio y vasto acervo t\u00e9cnico en industrias qu\u00edmicas, papel y celulosa, fertilizantes, cloro-soda, siderurgia, miner\u00eda, petr\u00f3leo y gas, en las cuales sus profesionales con m\u00e1s de 25 a\u00f1os de experiencia desarrollan soluciones innovadoras, garantizando la longevidad de las l\u00edneas industriales. Su junta directiva est\u00e1 compuesta por Marcos Castellan Hofheinz con 15 a\u00f1os de experiencia en el \u00e1rea comercial del rubro anticorrosivo, y el ingeniero civil Jarbas Patrick Bayerl con una d\u00e9cada en la planificaci\u00f3n y coordinaci\u00f3n de las obras dentro y fuera del pa\u00eds.<\/p>\n<p>Con mano de obra propia y altamente especializada, que est\u00e1n constantemente siendo entrenados para trabajos en espacios confinados (NR-33) y altura (NR-35), atendiendo a cualesquier necesidades de sus clientes, sean \u00e9stas, en paradas o servicios programados de mantenimiento, trabajos urgentes o nuevos proyectos. Adem\u00e1s de la calidad y la excelencia en los servicios realizados, Bunker Ingenier\u00eda anticorrosiva se preocupa y hace con que sus empleados se comprometan con las cuestiones ambientales, prestando especial atenci\u00f3n a los requisitos de QHSE (Calidad, Seguridad, Medio Ambiente y Salud). Soluciones para: Los tanques de almacenaje, torres de blanqueo, torres de resfr\u00edo, recipientes a presi\u00f3n, filtros, decantadores, clarificadores, diques, cuencas de contenci\u00f3n, chimeneas, canales, conductos, pavimentos industriales, tuber\u00edas, entre otros.[\/vc_column_text][\/vc_column][vc_column width=&#8221;1\/3&#8243;][mk_image src=&#8221;http:\/\/bunkerengenharia.com.br\/es\/wp-content\/uploads\/2023\/04\/FotoFachada2-2.jpg&#8221; image_size=&#8221;full&#8221; align=&#8221;center&#8221;][\/vc_column][\/mk_page_section]\n","protected":false},"excerpt":{"rendered":"<p>[mk_page_section attachment=&#8221;fixed&#8221; bg_position=&#8221;left bottom&#8221; bg_repeat=&#8221;no-repeat&#8221; bg_stretch=&#8221;true&#8221; enable_3d=&#8221;true&#8221; speed_factor=&#8221;1.4&#8243; bg_gradient=&#8221;vertical&#8221; video_color_mask=&#8221;rgba(0,0,0,0.01)&#8221; gr_end=&#8221;rgba(0,0,0,0.66)&#8221; video_opacity=&#8221;0&#8243; top_shadow=&#8221;true&#8221; full_width=&#8221;true&#8221; visibility=&#8221;visible-sm&#8221; sidebar=&#8221;sidebar-1&#8243;][vc_column][mk_image src=&#8221;http:\/\/bunkerengenharia.com.br\/website\/wp-content\/uploads\/2016\/05\/FotoFachada2.jpg&#8221; image_size=&#8221;full&#8221; el_class=&#8221;material1&#8243;][\/vc_column][\/mk_page_section][mk_page_section bg_image=&#8221;http:\/\/bunkerengenharia.com.br\/website\/wp-content\/uploads\/2016\/05\/FotoFachada2.jpg&#8221; attachment=&#8221;fixed&#8221; bg_position=&#8221;left bottom&#8221; bg_repeat=&#8221;no-repeat&#8221; bg_stretch=&#8221;true&#8221; enable_3d=&#8221;true&#8221; speed_factor=&#8221;1.4&#8243; bg_gradient=&#8221;vertical&#8221; video_color_mask=&#8221;rgba(0,0,0,0.01)&#8221; gr_end=&#8221;rgba(0,0,0,0.66)&#8221; video_opacity=&#8221;1&#8243; top_shadow=&#8221;true&#8221; min_height=&#8221;450&#8243; visibility=&#8221;hidden-sm&#8221; sidebar=&#8221;sidebar-1&#8243;][vc_column][mk_padding_divider size=&#8221;400&#8243;][mk_fancy_title color=&#8221;#ffffff&#8221; size=&#8221;50&#8243; font_weight=&#8221;900&#8243; font_family=&#8221;none&#8221;]LA EMPRESA[\/mk_fancy_title][\/vc_column][\/mk_page_section][mk_page_section][vc_column width=&#8221;2\/3&#8243;][mk_padding_divider][vc_column_text]BUNKER INGENIERIA ANTICORROSIVA, act\u00faa en todo el territorio nacional y en los pa\u00edses de [&hellip;]<\/p>\n","protected":false},"author":1,"featured_media":0,"parent":0,"menu_order":0,"comment_status":"closed","ping_status":"closed","template":"","meta":[],"_links":{"self":[{"href":"https:\/\/bunkerengenharia.com.br\/es\/wp-json\/wp\/v2\/pages\/18"}],"collection":[{"href":"https:\/\/bunkerengenharia.com.br\/es\/wp-json\/wp\/v2\/pages"}],"about":[{"href":"https:\/\/bunkerengenharia.com.br\/es\/wp-json\/wp\/v2\/types\/page"}],"author":[{"embeddable":true,"href":"https:\/\/bunkerengenharia.com.br\/es\/wp-json\/wp\/v2\/users\/1"}],"replies":[{"embeddable":true,"href":"https:\/\/bunkerengenharia.com.br\/es\/wp-json\/wp\/v2\/comments?post=18"}],"version-history":[{"count":53,"href":"https:\/\/bunkerengenharia.com.br\/es\/wp-json\/wp\/v2\/pages\/18\/revisions"}],"predecessor-version":[{"id":837,"href":"https:\/\/bunkerengenharia.com.br\/es\/wp-json\/wp\/v2\/pages\/18\/revisions\/837"}],"wp:attachment":[{"href":"https:\/\/bunkerengenharia.com.br\/es\/wp-json\/wp\/v2\/media?parent=18"}],"curies":[{"name":"wp","href":"https:\/\/api.w.org\/{rel}","templated":true}]}}