{"id":110,"date":"2016-05-10T11:03:43","date_gmt":"2016-05-10T14:03:43","guid":{"rendered":"http:\/\/bunkerengenharia.com.br\/es\/?page_id=110"},"modified":"2017-02-16T14:26:38","modified_gmt":"2017-02-16T16:26:38","slug":"areas-de-actuacion","status":"publish","type":"page","link":"https:\/\/bunkerengenharia.com.br\/es\/areas-de-actuacion\/","title":{"rendered":"\u00c1reas de actuaci\u00f3n"},"content":{"rendered":"[mk_page_section sidebar=&#8221;sidebar-1&#8243;][vc_column][vc_wp_text]<a class=\"itemPagina\" href=\"http:\/\/bunkerengenharia.com.br\/es\/areas-de-actuacion\/azucar-y-alcohol\/\"><br \/>\n<i class=\"fa fa-chevron-right\" style=\"padding-right: 10px;\"><\/i>Az\u00facar y Alcohol<br \/>\n<\/a><\/p>\n<p><a class=\"itemPagina\" href=\"&quot;http:\/\/bunkerengenharia.com.br\/es\/areas-de-actuacion\/automotor\/\"><br \/>\n<i class=\"fa fa-chevron-right\" style=\"padding-right: 10px;\"><\/i>Automotor<br \/>\n<\/a><\/p>\n<p><a class=\"itemPagina\" href=\"http:\/\/bunkerengenharia.com.br\/es\/areas-de-actuacion\/cloro-y-sosa\/\"><br \/>\n<i class=\"fa fa-chevron-right\" style=\"padding-right: 10px;\"><\/i>Cloro y Sosa<br \/>\n<\/a><\/p>\n<p><a class=\"itemPagina\" href=\"http:\/\/bunkerengenharia.com.br\/es\/areas-de-actuacion\/construccion-y-ingenieria\/\"><br \/>\n<i class=\"fa fa-chevron-right\" style=\"padding-right: 10px;\"><\/i>Construcci\u00f3n e Ingenieria<br \/>\n<\/a><\/p>\n<p><a class=\"itemPagina\" href=\"http:\/\/bunkerengenharia.com.br\/es\/areas-de-actuacion\/energia-y-comunicacion\/\"><br \/>\n<i class=\"fa fa-chevron-right\" style=\"padding-right: 10px;\"><\/i>Energ\u00eda y Comunicaci\u00f3n<br \/>\n<\/a><\/p>\n<p><a class=\"itemPagina\" href=\"http:\/\/bunkerengenharia.com.br\/es\/areas-de-actuacion\/fertilizantes\/\"><br \/>\n<i class=\"fa fa-chevron-right\" style=\"padding-right: 10px;\"><\/i>Fertilizantes<br \/>\n<\/a><\/p>\n<p><a class=\"itemPagina\" href=\"http:\/\/bunkerengenharia.com.br\/es\/areas-de-actuacion\/galvanoplastia\/\"><br \/>\n<i class=\"fa fa-chevron-right\" style=\"padding-right: 10px;\"><\/i>Galvanoplastia<br \/>\n<\/a><\/p>\n<p><a class=\"itemPagina\" href=\"http:\/\/bunkerengenharia.com.br\/es\/areas-de-actuacion\/papel-y-celulosa\/\"><br \/>\n<i class=\"fa fa-chevron-right\" style=\"padding-right: 10px;\"><\/i>Papel y Celulosa<\/a><\/p>\n<p><a class=\"itemPagina\" href=\"http:\/\/bunkerengenharia.com.br\/es\/areas-de-actuacion\/petroleo\/\"><br \/>\n<i class=\"fa fa-chevron-right\" style=\"padding-right: 10px;\"><\/i>Petr\u00f3leo<br \/>\n<\/a><\/p>\n<p><a class=\"itemPagina\" href=\"http:\/\/bunkerengenharia.com.br\/es\/areas-de-actuacion\/quimica-y-petroquimica\/\"><br \/>\n<i class=\"fa fa-chevron-right\" style=\"padding-right: 10px;\"><\/i>Qu\u00edmica y petroqu\u00edmica<br \/>\n<\/a><\/p>\n<p><a class=\"itemPagina\" href=\"http:\/\/bunkerengenharia.com.br\/es\/areas-de-actuacion\/saneamiento\/\"><br \/>\n<i class=\"fa fa-chevron-right\" style=\"padding-right: 10px;\"><\/i>Saneamiento<br \/>\n<\/a><\/p>\n<p><a class=\"itemPagina\" href=\"http:\/\/bunkerengenharia.com.br\/es\/areas-de-actuacion\/industria-alimentaria\/\"><br \/>\n<i class=\"fa fa-chevron-right\" style=\"padding-right: 10px;\"><\/i>Industria Alimentaria<br \/>\n<\/a><\/p>\n<p><a class=\"itemPagina\" href=\"http:\/\/bunkerengenharia.com.br\/es\/areas-de-actuacion\/aceria\/\"><br \/>\n<i class=\"fa fa-chevron-right\" style=\"padding-right: 10px;\"><\/i>Acedia<br \/>\n<\/a><\/p>\n<p><a class=\"itemPagina\" href=\"http:\/\/bunkerengenharia.com.br\/es\/areas-de-actuacion\/transporte\/\"><br \/>\n<i class=\"fa fa-chevron-right\" style=\"padding-right: 10px;\"><\/i>Transporte<br \/>\n<\/a>[\/vc_wp_text][\/vc_column][\/mk_page_section]\n","protected":false},"excerpt":{"rendered":"<p>[mk_page_section sidebar=&#8221;sidebar-1&#8243;][vc_column][vc_wp_text] Az\u00facar y Alcohol Automotor Cloro y Sosa Construcci\u00f3n e Ingenieria Energ\u00eda y Comunicaci\u00f3n Fertilizantes Galvanoplastia Papel y Celulosa Petr\u00f3leo Qu\u00edmica y petroqu\u00edmica Saneamiento Industria Alimentaria Acedia Transporte [\/vc_wp_text][\/vc_column][\/mk_page_section]<\/p>\n","protected":false},"author":1,"featured_media":0,"parent":0,"menu_order":0,"comment_status":"closed","ping_status":"closed","template":"","meta":[],"_links":{"self":[{"href":"https:\/\/bunkerengenharia.com.br\/es\/wp-json\/wp\/v2\/pages\/110"}],"collection":[{"href":"https:\/\/bunkerengenharia.com.br\/es\/wp-json\/wp\/v2\/pages"}],"about":[{"href":"https:\/\/bunkerengenharia.com.br\/es\/wp-json\/wp\/v2\/types\/page"}],"author":[{"embeddable":true,"href":"https:\/\/bunkerengenharia.com.br\/es\/wp-json\/wp\/v2\/users\/1"}],"replies":[{"embeddable":true,"href":"https:\/\/bunkerengenharia.com.br\/es\/wp-json\/wp\/v2\/comments?post=110"}],"version-history":[{"count":14,"href":"https:\/\/bunkerengenharia.com.br\/es\/wp-json\/wp\/v2\/pages\/110\/revisions"}],"predecessor-version":[{"id":750,"href":"https:\/\/bunkerengenharia.com.br\/es\/wp-json\/wp\/v2\/pages\/110\/revisions\/750"}],"wp:attachment":[{"href":"https:\/\/bunkerengenharia.com.br\/es\/wp-json\/wp\/v2\/media?parent=110"}],"curies":[{"name":"wp","href":"https:\/\/api.w.org\/{rel}","templated":true}]}}